{"id":842,"date":"2020-03-27T17:52:27","date_gmt":"2020-03-27T16:52:27","guid":{"rendered":"https:\/\/nonjetable.com\/eshop\/?post_type=product&#038;p=842"},"modified":"2025-10-08T16:57:07","modified_gmt":"2025-10-08T14:57:07","slug":"doudou-tortue-coton-biologique","status":"publish","type":"product","link":"https:\/\/nonjetable.com\/eshop\/produit\/doudou-tortue-coton-biologique\/","title":{"rendered":"Doudou tortue coton bio"},"content":{"rendered":"<p>[et_pb_section fb_built=\u00a0\u00bb1&Prime; _builder_version=\u00a0\u00bb4.16&Prime; custom_margin=\u00a0\u00bb20px||||false|false\u00a0\u00bb custom_padding=\u00a0\u00bb0px||||false|false\u00a0\u00bb collapsed=\u00a0\u00bbon\u00a0\u00bb global_colors_info=\u00a0\u00bb{}\u00a0\u00bb][et_pb_row _builder_version=\u00a0\u00bb4.16&Prime; background_size=\u00a0\u00bbinitial\u00a0\u00bb background_position=\u00a0\u00bbtop_left\u00a0\u00bb background_repeat=\u00a0\u00bbrepeat\u00a0\u00bb width=\u00a0\u00bb90%\u00a0\u00bb custom_margin=\u00a0\u00bb0px||0px||false|false\u00a0\u00bb custom_padding=\u00a0\u00bb0px||0px||false|false\u00a0\u00bb global_colors_info=\u00a0\u00bb{}\u00a0\u00bb][et_pb_column type=\u00a0\u00bb4_4&Prime; _builder_version=\u00a0\u00bb4.16&Prime; custom_padding=\u00a0\u00bb||0px||false|false\u00a0\u00bb global_colors_info=\u00a0\u00bb{}\u00a0\u00bb custom_padding__hover=\u00a0\u00bb|||\u00a0\u00bb][et_pb_wc_breadcrumb breadcrumb_home_text=\u00a0\u00bbShop\u00a0\u00bb breadcrumb_home_url=\u00a0\u00bb@ET-DC@eyJkeW5hbWljIjp0cnVlLCJjb250ZW50IjoicG9zdF9saW5rX3VybF9wYWdlIiwic2V0dGluZ3MiOnsicG9zdF9pZCI6IjM4ODYifX0=@\u00a0\u00bb _builder_version=\u00a0\u00bb4.9.0&Prime; _dynamic_attributes=\u00a0\u00bbbreadcrumb_home_url\u00a0\u00bb body_line_height=\u00a0\u00bb1em\u00a0\u00bb custom_margin=\u00a0\u00bb0px|0px|6px|0px|false|false\u00a0\u00bb custom_padding=\u00a0\u00bb6px|0px|4px|0px|false|false\u00a0\u00bb global_module=\u00a0\u00bb3043&Prime; saved_tabs=\u00a0\u00bball\u00a0\u00bb global_colors_info=\u00a0\u00bb{}\u00a0\u00bb][\/et_pb_wc_breadcrumb][et_pb_wc_cart_notice _builder_version=\u00a0\u00bb4.16&Prime; title_text_color=\u00a0\u00bb#000000&Prime; title_font_size=\u00a0\u00bb14px\u00a0\u00bb background_color=\u00a0\u00bbrgba(0,0,0,0)\u00a0\u00bb custom_button=\u00a0\u00bbon\u00a0\u00bb button_text_size=\u00a0\u00bb16px\u00a0\u00bb button_text_color=\u00a0\u00bb#ffffff\u00a0\u00bb button_bg_color=\u00a0\u00bb#000000&Prime; button_custom_margin=\u00a0\u00bb0px||0px||true|false\u00a0\u00bb button_custom_padding=\u00a0\u00bb0px||0px||true|false\u00a0\u00bb custom_margin=\u00a0\u00bb0em|0em|1em|0em|false|false\u00a0\u00bb custom_padding=\u00a0\u00bb0px|0px|0px|0px|true|true\u00a0\u00bb body_text_color=\u00a0\u00bb#000000&Prime; body_font_size=\u00a0\u00bb14px\u00a0\u00bb global_colors_info=\u00a0\u00bb{}\u00a0\u00bb][\/et_pb_wc_cart_notice][\/et_pb_column][\/et_pb_row][et_pb_row column_structure=\u00a0\u00bb1_2,1_2&Prime; _builder_version=\u00a0\u00bb4.18.1&Prime; background_size=\u00a0\u00bbinitial\u00a0\u00bb background_position=\u00a0\u00bbtop_left\u00a0\u00bb background_repeat=\u00a0\u00bbrepeat\u00a0\u00bb width=\u00a0\u00bb90%\u00a0\u00bb custom_padding=\u00a0\u00bb0px||||false|false\u00a0\u00bb collapsed=\u00a0\u00bbon\u00a0\u00bb global_colors_info=\u00a0\u00bb{}\u00a0\u00bb][et_pb_column type=\u00a0\u00bb1_2&Prime; _builder_version=\u00a0\u00bb4.16&Prime; custom_padding=\u00a0\u00bb|||\u00a0\u00bb global_colors_info=\u00a0\u00bb{}\u00a0\u00bb custom_padding__hover=\u00a0\u00bb|||\u00a0\u00bb][et_pb_wc_images _builder_version=\u00a0\u00bb4.16&Prime; global_colors_info=\u00a0\u00bb{}\u00a0\u00bb][\/et_pb_wc_images][\/et_pb_column][et_pb_column type=\u00a0\u00bb1_2&Prime; _builder_version=\u00a0\u00bb4.18.1&Prime; custom_padding=\u00a0\u00bb|||50px|false|false\u00a0\u00bb custom_padding_tablet=\u00a0\u00bb|||0px|false|false\u00a0\u00bb custom_padding_phone=\u00a0\u00bb|||0px|false|false\u00a0\u00bb custom_padding_last_edited=\u00a0\u00bbon|phone\u00a0\u00bb global_colors_info=\u00a0\u00bb{}\u00a0\u00bb custom_padding__hover=\u00a0\u00bb|||\u00a0\u00bb][et_pb_wc_title _builder_version=\u00a0\u00bb4.4.5&Prime; header_font=\u00a0\u00bb||||||||\u00a0\u00bb header_font_size=\u00a0\u00bb26px\u00a0\u00bb global_module=\u00a0\u00bb2990&Prime; global_colors_info=\u00a0\u00bb{}\u00a0\u00bb][\/et_pb_wc_title][et_pb_wc_rating _builder_version=\u00a0\u00bb4.16&Prime; global_colors_info=\u00a0\u00bb{}\u00a0\u00bb][\/et_pb_wc_rating][et_pb_wc_price _builder_version=\u00a0\u00bb4.4.5&Prime; body_font=\u00a0\u00bbGotham Bold||||||||\u00a0\u00bb body_font_size=\u00a0\u00bb20px\u00a0\u00bb global_module=\u00a0\u00bb2992&Prime; global_colors_info=\u00a0\u00bb{}\u00a0\u00bb][\/et_pb_wc_price][et_pb_wc_add_to_cart show_quantity=\u00a0\u00bboff\u00a0\u00bb show_stock=\u00a0\u00bboff\u00a0\u00bb _builder_version=\u00a0\u00bb4.18.1&Prime; field_label_font=\u00a0\u00bbGotham Bold||||||||\u00a0\u00bb field_label_font_size=\u00a0\u00bb16px\u00a0\u00bb dropdown_menus_font_size=\u00a0\u00bb16px\u00a0\u00bb custom_button=\u00a0\u00bbon\u00a0\u00bb button_text_color=\u00a0\u00bb#ffffff\u00a0\u00bb button_bg_color=\u00a0\u00bb#7e7e7e\u00a0\u00bb button_border_width=\u00a0\u00bb0px\u00a0\u00bb custom_margin=\u00a0\u00bb||8px||false|false\u00a0\u00bb custom_padding=\u00a0\u00bb||||false|false\u00a0\u00bb custom_css_before=\u00a0\u00bbtable#content-area td {padding:0.8em 0.5em !important;}\u00a0\u00bb body_font=\u00a0\u00bbGotham Bold||||||||\u00a0\u00bb body_font_size=\u00a0\u00bb16px\u00a0\u00bb global_module=\u00a0\u00bb3003&Prime; locked=\u00a0\u00bboff\u00a0\u00bb global_colors_info=\u00a0\u00bb{}\u00a0\u00bb][\/et_pb_wc_add_to_cart][et_pb_text _builder_version=\u00a0\u00bb4.4.2&Prime; _dynamic_attributes=\u00a0\u00bbcontent\u00a0\u00bb text_text_color=\u00a0\u00bb#000000&Prime; custom_margin=\u00a0\u00bb||8px||false|false\u00a0\u00bb custom_padding=\u00a0\u00bb||30px||false|false\u00a0\u00bb global_module=\u00a0\u00bb3002&Prime; global_colors_info=\u00a0\u00bb{}\u00a0\u00bb]@ET-DC@eyJkeW5hbWljIjp0cnVlLCJjb250ZW50IjoicHJvZHVjdF9zaG9ydF9kZXNjcmlwdGlvbiIsInNldHRpbmdzIjp7ImJlZm9yZSI6IiIsImFmdGVyIjoiIn19@[\/et_pb_text][et_pb_toggle title=\u00a0\u00bbDescription\u00a0\u00bb closed_toggle_text_color=\u00a0\u00bb#000000&Prime; closed_toggle_background_color=\u00a0\u00bbrgba(0,0,0,0)\u00a0\u00bb _builder_version=\u00a0\u00bb4.4.5&Prime; _dynamic_attributes=\u00a0\u00bbcontent\u00a0\u00bb title_font=\u00a0\u00bbGotham Bold||||||||\u00a0\u00bb body_text_color=\u00a0\u00bb#000000&Prime; custom_margin=\u00a0\u00bb||4px||false|false\u00a0\u00bb border_width_all=\u00a0\u00bb0px\u00a0\u00bb border_width_top=\u00a0\u00bb1px\u00a0\u00bb global_module=\u00a0\u00bb2994&Prime; saved_tabs=\u00a0\u00bball\u00a0\u00bb global_colors_info=\u00a0\u00bb{}\u00a0\u00bb]@ET-DC@eyJkeW5hbWljIjp0cnVlLCJjb250ZW50IjoicHJvZHVjdF9kZXNjcmlwdGlvbiIsInNldHRpbmdzIjp7ImJlZm9yZSI6IiIsImFmdGVyIjoiIn19@[\/et_pb_toggle][et_pb_toggle title=\u00a0\u00bbDurabilit\u00e9 et origine du produit\u00a0\u00bb closed_toggle_text_color=\u00a0\u00bb#000000&Prime; closed_toggle_background_color=\u00a0\u00bbrgba(0,0,0,0)\u00a0\u00bb _builder_version=\u00a0\u00bb4.4.5&Prime; title_font=\u00a0\u00bbGotham Bold||||||||\u00a0\u00bb body_text_color=\u00a0\u00bb#000000&Prime; custom_margin=\u00a0\u00bb||4px||false|false\u00a0\u00bb border_width_all=\u00a0\u00bb0px\u00a0\u00bb border_width_top=\u00a0\u00bb1px\u00a0\u00bb global_module=\u00a0\u00bb1924&Prime; saved_tabs=\u00a0\u00bball\u00a0\u00bb global_colors_info=\u00a0\u00bb{}\u00a0\u00bb]<\/p>\n<p>Fabriqu\u00e9 en 100% coton biologique et graines organiques cultiv\u00e9s sans recourir \u00e0 des engrais ou \u00e0 des pesticides chimiques. Teintures biologiques.<br \/> Tous nos doudous sont z\u00e9ro d\u00e9chet et compostables.<\/p>\n<p>Fabriqu\u00e9 en Inde dans une usine certifi\u00e9e pour une production biologique et respectueuse des crit\u00e8res d&#8217;emploi.\u00a0Les broderies ont \u00e9t\u00e9 effectu\u00e9es par une \u00e9quipe locale de femmes. Le site a \u00e9t\u00e9 v<span style=\"font-size: 16px;\">isit\u00e9 et audit\u00e9 par l&rsquo;\u00e9quipe Nonjetable.<\/span><\/p>\n<p>[\/et_pb_toggle][et_pb_wc_meta _builder_version=\u00a0\u00bb4.19.0&Prime; _module_preset=\u00a0\u00bbdefault\u00a0\u00bb global_colors_info=\u00a0\u00bb{}\u00a0\u00bb][\/et_pb_wc_meta][\/et_pb_column][\/et_pb_row][et_pb_row _builder_version=\u00a0\u00bb4.16&Prime; width=\u00a0\u00bb90%\u00a0\u00bb global_colors_info=\u00a0\u00bb{}\u00a0\u00bb][et_pb_column type=\u00a0\u00bb4_4&Prime; _builder_version=\u00a0\u00bb4.16&Prime; global_colors_info=\u00a0\u00bb{}\u00a0\u00bb][et_pb_toggle title=\u00a0\u00bbD\u00e9tails\u00a0\u00bb closed_toggle_text_color=\u00a0\u00bb#000000&Prime; closed_toggle_background_color=\u00a0\u00bbrgba(0,0,0,0)\u00a0\u00bb _builder_version=\u00a0\u00bb4.16&Prime; _dynamic_attributes=\u00a0\u00bbcontent\u00a0\u00bb title_font=\u00a0\u00bbGotham Bold||||||||\u00a0\u00bb custom_margin=\u00a0\u00bb||4px||false|false\u00a0\u00bb border_width_all=\u00a0\u00bb0px\u00a0\u00bb border_width_top=\u00a0\u00bb1px\u00a0\u00bb global_colors_info=\u00a0\u00bb{}\u00a0\u00bb]@ET-DC@eyJkeW5hbWljIjp0cnVlLCJjb250ZW50IjoicHJvZHVjdF9hZGRpdGlvbmFsX2luZm9ybWF0aW9uIiwic2V0dGluZ3MiOnsiYmVmb3JlIjoiIiwiYWZ0ZXIiOiIifX0=@[\/et_pb_toggle][et_pb_toggle title=\u00a0\u00bbLivraison\u00a0\u00bb closed_toggle_text_color=\u00a0\u00bb#000000&Prime; closed_toggle_background_color=\u00a0\u00bbrgba(0,0,0,0)\u00a0\u00bb module_id=\u00a0\u00bbLivraisonElementID\u00a0\u00bb _builder_version=\u00a0\u00bb4.19.0&Prime; title_font=\u00a0\u00bbGotham Bold|100|||||||\u00a0\u00bb custom_margin=\u00a0\u00bb||4px||false|false\u00a0\u00bb border_width_all=\u00a0\u00bb0px\u00a0\u00bb border_width_top=\u00a0\u00bb1px\u00a0\u00bb global_module=\u00a0\u00bb1930&Prime; saved_tabs=\u00a0\u00bball\u00a0\u00bb global_colors_info=\u00a0\u00bb{}\u00a0\u00bb]<\/p>\n<p>Les frais de livraison sont ajust\u00e9s et calcul\u00e9s en fonction du poids et du volume de votre colis et de sa destination. Les frais de livraison sont visibles juste avant la confirmation de la commande. Vous pouvez consulter notre page <a href=\"https:\/\/nonjetable.com\/eshop\/livraisons-et-retours\/\">Livraison et retours<\/a> pour plus de d\u00e9tails.<strong><\/strong><\/p>\n<p><strong>D\u00e9lai de livraison :<\/strong><br \/>France : 48 \u00e0 72 heures.<br \/>Autres pays : 4 \u00e0 8 jours ouvr\u00e9s selon la destination.<\/p>\n<p>Les livraisons se font par La Poste (Colissimo).<\/p>\n<p>[\/et_pb_toggle][et_pb_toggle title=\u00a0\u00bbConseil d&rsquo;entretien\u00a0\u00bb closed_toggle_text_color=\u00a0\u00bb#000000&Prime; closed_toggle_background_color=\u00a0\u00bbrgba(0,0,0,0)\u00a0\u00bb _builder_version=\u00a0\u00bb4.16&Prime; title_font=\u00a0\u00bbGotham Bold||||||||\u00a0\u00bb body_text_color=\u00a0\u00bb#000000&Prime; border_width_all=\u00a0\u00bb0px\u00a0\u00bb border_width_top=\u00a0\u00bb1px\u00a0\u00bb global_colors_info=\u00a0\u00bb{}\u00a0\u00bb]<\/p>\n<p>Enlever les t\u00e2ches \u00e9ventuelles de la surface avec une \u00e9ponge humidifi\u00e9e \u00e0 l&rsquo;eau ti\u00e8de et du savon de Marseille.<\/p>\n<p>[\/et_pb_toggle][\/et_pb_column][\/et_pb_row][et_pb_row _builder_version=\u00a0\u00bb4.19.0&Prime; _module_preset=\u00a0\u00bbdefault\u00a0\u00bb width=\u00a0\u00bb90%\u00a0\u00bb custom_margin=\u00a0\u00bb||0px||false|false\u00a0\u00bb custom_padding=\u00a0\u00bb||0px||false|false\u00a0\u00bb global_module=\u00a0\u00bb4854&Prime; global_colors_info=\u00a0\u00bb{}\u00a0\u00bb][et_pb_column type=\u00a0\u00bb4_4&Prime; _builder_version=\u00a0\u00bb4.19.0&Prime; _module_preset=\u00a0\u00bbdefault\u00a0\u00bb global_colors_info=\u00a0\u00bb{}\u00a0\u00bb][et_pb_text _builder_version=\u00a0\u00bb4.19.0&Prime; _module_preset=\u00a0\u00bbdefault\u00a0\u00bb header_5_font=\u00a0\u00bbGotham Bold||||||||\u00a0\u00bb custom_margin=\u00a0\u00bb||0px||false|false\u00a0\u00bb custom_padding=\u00a0\u00bb||0px||false|false\u00a0\u00bb global_colors_info=\u00a0\u00bb{}\u00a0\u00bb]<\/p>\n<h5>Produits associ\u00e9s<\/h5>\n<p>[\/et_pb_text][et_pb_wc_upsells _builder_version=\u00a0\u00bb4.19.0&Prime; _module_preset=\u00a0\u00bbdefault\u00a0\u00bb title_text_color=\u00a0\u00bbRGBA(255,255,255,0)\u00a0\u00bb title_font_size=\u00a0\u00bb1px\u00a0\u00bb global_colors_info=\u00a0\u00bb{}\u00a0\u00bb][\/et_pb_wc_upsells][\/et_pb_column][\/et_pb_row][\/et_pb_section]<\/p>\n","protected":false},"excerpt":{"rendered":"<p>Thierry la tortue n&rsquo;est peut-\u00eatre pas aussi rapide que ses amis <a href=\"http:\/\/Doudou en jersey de coton bio brod\u00e9 main tout doux\">le renard<\/a> et <a href=\"https:\/\/nonjetable.com\/eshop\/produit\/doudou-hareng-coton-bio\/\">le hareng<\/a> mais tout comme eux, il est fabriqu\u00e9 en 100% jersey de coton bio luxueux. Avec son regard observateur et son toucher tout doux il deviendra le meilleur ami de l&rsquo;enfant.<\/p>\n<p>Chaque tortue est une pi\u00e8ce unique brod\u00e9e \u00e0 la main.<\/p>\n","protected":false},"featured_media":4951,"comment_status":"open","ping_status":"closed","template":"","meta":{"_et_pb_use_builder":"on","_et_pb_old_content":"Pour les b\u00e9b\u00e9s un ami simple, naturel et \u00e9cologique, d\u00e8s la naissance. Un doudou avec un regard tr\u00e8s sympathique et apaisant pour tenir compagnie \u00e0 b\u00e9b\u00e9. Il pourra appuyer sa t\u00eate contre le coque arrondie et douce de la tortue. Les pattes de la tortue pourront \u00eatre m\u00e2chouill\u00e9s tendrement. Ils ne se quitteront plus. La texture du coton jersey toute douce et \u00e9paisse et de l'autre c\u00f4t\u00e9 du coton tricot\u00e9 avec un toucher tr\u00e8s textur\u00e9 de notre doudou tortue donne des sensations tactiles et visuelles int\u00e9ressantes pour le b\u00e9b\u00e9.\r\n\r\nFabriqu\u00e9 avec des mati\u00e8res 100 % organiques dans le respect des directives en mati\u00e8re de s\u00e9curit\u00e9. Le doudou tortue a un rembourrage de coton biologique avec \u00e0 la fois un toucher mou et plein.","_et_gb_content_width":""},"product_brand":[],"product_cat":[26],"product_tag":[43,41,42],"class_list":{"0":"post-842","1":"product","2":"type-product","3":"status-publish","4":"has-post-thumbnail","6":"product_cat-doudous","7":"product_tag-coton-bio","8":"product_tag-doudou","9":"product_tag-tortue","10":"product_shipping_class-renard-tortue","12":"first","13":"instock","14":"taxable","15":"shipping-taxable","16":"purchasable","17":"product-type-simple"},"yoast_head":"<!-- This site is optimized with the Yoast SEO plugin v27.0 - https:\/\/yoast.com\/product\/yoast-seo-wordpress\/ -->\n<title>Doudou tortue coton biologique - 100% biod\u00e9gradable - brod\u00e9 main<\/title>\n<meta name=\"description\" content=\"Doudou tortue en jersey de coton bio luxueux et maille \u00e9cru, chaque pi\u00e8ce est unique et brod\u00e9e \u00e0 la main. Rembourrage coton bio. Z\u00e9ro d\u00e9chet.\" \/>\n<meta name=\"robots\" content=\"index, follow, max-snippet:-1, max-image-preview:large, max-video-preview:-1\" \/>\n<link rel=\"canonical\" href=\"https:\/\/nonjetable.com\/eshop\/produit\/doudou-tortue-coton-biologique\/\" \/>\n<meta property=\"og:locale\" content=\"fr_FR\" \/>\n<meta property=\"og:type\" content=\"article\" \/>\n<meta property=\"og:title\" content=\"Doudou tortue coton biologique - 100% biod\u00e9gradable - brod\u00e9 main\" \/>\n<meta property=\"og:description\" content=\"Doudou tortue en jersey de coton bio luxueux et maille \u00e9cru, chaque pi\u00e8ce est unique et brod\u00e9e \u00e0 la main. Rembourrage coton bio. Z\u00e9ro d\u00e9chet.\" \/>\n<meta property=\"og:url\" content=\"https:\/\/nonjetable.com\/eshop\/produit\/doudou-tortue-coton-biologique\/\" \/>\n<meta property=\"og:site_name\" content=\"Nonjetable - Meubles intemporels pour enfants et adultes\" \/>\n<meta property=\"article:modified_time\" content=\"2025-10-08T14:57:07+00:00\" \/>\n<meta property=\"og:image\" content=\"https:\/\/nonjetable.com\/eshop\/wp-content\/uploads\/2022\/11\/Nonjetable-doudou-tortue-coton-bio-brodee-main.webp\" \/>\n\t<meta property=\"og:image:width\" content=\"1200\" \/>\n\t<meta property=\"og:image:height\" content=\"1200\" \/>\n\t<meta property=\"og:image:type\" content=\"image\/webp\" \/>\n<meta name=\"twitter:card\" content=\"summary_large_image\" \/>\n<meta name=\"twitter:label1\" content=\"Dur\u00e9e de lecture estim\u00e9e\" \/>\n\t<meta name=\"twitter:data1\" content=\"2 minutes\" \/>\n<script type=\"application\/ld+json\" class=\"yoast-schema-graph\">{\"@context\":\"https:\/\/schema.org\",\"@graph\":[{\"@type\":\"WebPage\",\"@id\":\"https:\/\/nonjetable.com\/eshop\/produit\/doudou-tortue-coton-biologique\/\",\"url\":\"https:\/\/nonjetable.com\/eshop\/produit\/doudou-tortue-coton-biologique\/\",\"name\":\"Doudou tortue coton biologique - 100% biod\u00e9gradable - brod\u00e9 main\",\"isPartOf\":{\"@id\":\"https:\/\/nonjetable.com\/eshop\/#website\"},\"primaryImageOfPage\":{\"@id\":\"https:\/\/nonjetable.com\/eshop\/produit\/doudou-tortue-coton-biologique\/#primaryimage\"},\"image\":{\"@id\":\"https:\/\/nonjetable.com\/eshop\/produit\/doudou-tortue-coton-biologique\/#primaryimage\"},\"thumbnailUrl\":\"https:\/\/nonjetable.com\/eshop\/wp-content\/uploads\/2022\/11\/Nonjetable-doudou-tortue-coton-bio-brodee-main.webp\",\"datePublished\":\"2020-03-27T16:52:27+00:00\",\"dateModified\":\"2025-10-08T14:57:07+00:00\",\"description\":\"Doudou tortue en jersey de coton bio luxueux et maille \u00e9cru, chaque pi\u00e8ce est unique et brod\u00e9e \u00e0 la main. Rembourrage coton bio. Z\u00e9ro d\u00e9chet.\",\"breadcrumb\":{\"@id\":\"https:\/\/nonjetable.com\/eshop\/produit\/doudou-tortue-coton-biologique\/#breadcrumb\"},\"inLanguage\":\"fr-FR\",\"potentialAction\":[{\"@type\":\"ReadAction\",\"target\":[\"https:\/\/nonjetable.com\/eshop\/produit\/doudou-tortue-coton-biologique\/\"]}]},{\"@type\":\"ImageObject\",\"inLanguage\":\"fr-FR\",\"@id\":\"https:\/\/nonjetable.com\/eshop\/produit\/doudou-tortue-coton-biologique\/#primaryimage\",\"url\":\"https:\/\/nonjetable.com\/eshop\/wp-content\/uploads\/2022\/11\/Nonjetable-doudou-tortue-coton-bio-brodee-main.webp\",\"contentUrl\":\"https:\/\/nonjetable.com\/eshop\/wp-content\/uploads\/2022\/11\/Nonjetable-doudou-tortue-coton-bio-brodee-main.webp\",\"width\":1200,\"height\":1200,\"caption\":\"Doudou en jersey de coton bio brod\u00e9 main tout doux\"},{\"@type\":\"BreadcrumbList\",\"@id\":\"https:\/\/nonjetable.com\/eshop\/produit\/doudou-tortue-coton-biologique\/#breadcrumb\",\"itemListElement\":[{\"@type\":\"ListItem\",\"position\":1,\"name\":\"Accueil\",\"item\":\"https:\/\/nonjetable.com\/eshop\/\"},{\"@type\":\"ListItem\",\"position\":2,\"name\":\"Collection de meubles \u00e9cologiques\",\"item\":\"https:\/\/nonjetable.com\/eshop\/collection-de-meubles-ecologiques\/\"},{\"@type\":\"ListItem\",\"position\":3,\"name\":\"Doudou tortue coton bio\"}]},{\"@type\":\"WebSite\",\"@id\":\"https:\/\/nonjetable.com\/eshop\/#website\",\"url\":\"https:\/\/nonjetable.com\/eshop\/\",\"name\":\"Nonjetable - Meubles intemporels pour enfants et adultes\",\"description\":\"Lifetime furniture for kids and adults\",\"publisher\":{\"@id\":\"https:\/\/nonjetable.com\/eshop\/#organization\"},\"potentialAction\":[{\"@type\":\"SearchAction\",\"target\":{\"@type\":\"EntryPoint\",\"urlTemplate\":\"https:\/\/nonjetable.com\/eshop\/?s={search_term_string}\"},\"query-input\":{\"@type\":\"PropertyValueSpecification\",\"valueRequired\":true,\"valueName\":\"search_term_string\"}}],\"inLanguage\":\"fr-FR\"},{\"@type\":\"Organization\",\"@id\":\"https:\/\/nonjetable.com\/eshop\/#organization\",\"name\":\"Nonjetable\",\"url\":\"https:\/\/nonjetable.com\/eshop\/\",\"logo\":{\"@type\":\"ImageObject\",\"inLanguage\":\"fr-FR\",\"@id\":\"https:\/\/nonjetable.com\/eshop\/#\/schema\/logo\/image\/\",\"url\":\"https:\/\/nonjetable.com\/eshop\/wp-content\/uploads\/2020\/02\/logo-nonjetable-noir-250x21-1.png\",\"contentUrl\":\"https:\/\/nonjetable.com\/eshop\/wp-content\/uploads\/2020\/02\/logo-nonjetable-noir-250x21-1.png\",\"width\":259,\"height\":21,\"caption\":\"Nonjetable\"},\"image\":{\"@id\":\"https:\/\/nonjetable.com\/eshop\/#\/schema\/logo\/image\/\"},\"sameAs\":[\"https:\/\/www.instagram.com\/nonjetable\/\"]}]}<\/script>\n<!-- \/ Yoast SEO plugin. -->","yoast_head_json":{"title":"Doudou tortue coton biologique - 100% biod\u00e9gradable - brod\u00e9 main","description":"Doudou tortue en jersey de coton bio luxueux et maille \u00e9cru, chaque pi\u00e8ce est unique et brod\u00e9e \u00e0 la main. Rembourrage coton bio. Z\u00e9ro d\u00e9chet.","robots":{"index":"index","follow":"follow","max-snippet":"max-snippet:-1","max-image-preview":"max-image-preview:large","max-video-preview":"max-video-preview:-1"},"canonical":"https:\/\/nonjetable.com\/eshop\/produit\/doudou-tortue-coton-biologique\/","og_locale":"fr_FR","og_type":"article","og_title":"Doudou tortue coton biologique - 100% biod\u00e9gradable - brod\u00e9 main","og_description":"Doudou tortue en jersey de coton bio luxueux et maille \u00e9cru, chaque pi\u00e8ce est unique et brod\u00e9e \u00e0 la main. Rembourrage coton bio. Z\u00e9ro d\u00e9chet.","og_url":"https:\/\/nonjetable.com\/eshop\/produit\/doudou-tortue-coton-biologique\/","og_site_name":"Nonjetable - Meubles intemporels pour enfants et adultes","article_modified_time":"2025-10-08T14:57:07+00:00","og_image":[{"width":1200,"height":1200,"url":"https:\/\/nonjetable.com\/eshop\/wp-content\/uploads\/2022\/11\/Nonjetable-doudou-tortue-coton-bio-brodee-main.webp","type":"image\/webp"}],"twitter_card":"summary_large_image","twitter_misc":{"Dur\u00e9e de lecture estim\u00e9e":"2 minutes"},"schema":{"@context":"https:\/\/schema.org","@graph":[{"@type":"WebPage","@id":"https:\/\/nonjetable.com\/eshop\/produit\/doudou-tortue-coton-biologique\/","url":"https:\/\/nonjetable.com\/eshop\/produit\/doudou-tortue-coton-biologique\/","name":"Doudou tortue coton biologique - 100% biod\u00e9gradable - brod\u00e9 main","isPartOf":{"@id":"https:\/\/nonjetable.com\/eshop\/#website"},"primaryImageOfPage":{"@id":"https:\/\/nonjetable.com\/eshop\/produit\/doudou-tortue-coton-biologique\/#primaryimage"},"image":{"@id":"https:\/\/nonjetable.com\/eshop\/produit\/doudou-tortue-coton-biologique\/#primaryimage"},"thumbnailUrl":"https:\/\/nonjetable.com\/eshop\/wp-content\/uploads\/2022\/11\/Nonjetable-doudou-tortue-coton-bio-brodee-main.webp","datePublished":"2020-03-27T16:52:27+00:00","dateModified":"2025-10-08T14:57:07+00:00","description":"Doudou tortue en jersey de coton bio luxueux et maille \u00e9cru, chaque pi\u00e8ce est unique et brod\u00e9e \u00e0 la main. Rembourrage coton bio. Z\u00e9ro d\u00e9chet.","breadcrumb":{"@id":"https:\/\/nonjetable.com\/eshop\/produit\/doudou-tortue-coton-biologique\/#breadcrumb"},"inLanguage":"fr-FR","potentialAction":[{"@type":"ReadAction","target":["https:\/\/nonjetable.com\/eshop\/produit\/doudou-tortue-coton-biologique\/"]}]},{"@type":"ImageObject","inLanguage":"fr-FR","@id":"https:\/\/nonjetable.com\/eshop\/produit\/doudou-tortue-coton-biologique\/#primaryimage","url":"https:\/\/nonjetable.com\/eshop\/wp-content\/uploads\/2022\/11\/Nonjetable-doudou-tortue-coton-bio-brodee-main.webp","contentUrl":"https:\/\/nonjetable.com\/eshop\/wp-content\/uploads\/2022\/11\/Nonjetable-doudou-tortue-coton-bio-brodee-main.webp","width":1200,"height":1200,"caption":"Doudou en jersey de coton bio brod\u00e9 main tout doux"},{"@type":"BreadcrumbList","@id":"https:\/\/nonjetable.com\/eshop\/produit\/doudou-tortue-coton-biologique\/#breadcrumb","itemListElement":[{"@type":"ListItem","position":1,"name":"Accueil","item":"https:\/\/nonjetable.com\/eshop\/"},{"@type":"ListItem","position":2,"name":"Collection de meubles \u00e9cologiques","item":"https:\/\/nonjetable.com\/eshop\/collection-de-meubles-ecologiques\/"},{"@type":"ListItem","position":3,"name":"Doudou tortue coton bio"}]},{"@type":"WebSite","@id":"https:\/\/nonjetable.com\/eshop\/#website","url":"https:\/\/nonjetable.com\/eshop\/","name":"Nonjetable - Meubles intemporels pour enfants et adultes","description":"Lifetime furniture for kids and adults","publisher":{"@id":"https:\/\/nonjetable.com\/eshop\/#organization"},"potentialAction":[{"@type":"SearchAction","target":{"@type":"EntryPoint","urlTemplate":"https:\/\/nonjetable.com\/eshop\/?s={search_term_string}"},"query-input":{"@type":"PropertyValueSpecification","valueRequired":true,"valueName":"search_term_string"}}],"inLanguage":"fr-FR"},{"@type":"Organization","@id":"https:\/\/nonjetable.com\/eshop\/#organization","name":"Nonjetable","url":"https:\/\/nonjetable.com\/eshop\/","logo":{"@type":"ImageObject","inLanguage":"fr-FR","@id":"https:\/\/nonjetable.com\/eshop\/#\/schema\/logo\/image\/","url":"https:\/\/nonjetable.com\/eshop\/wp-content\/uploads\/2020\/02\/logo-nonjetable-noir-250x21-1.png","contentUrl":"https:\/\/nonjetable.com\/eshop\/wp-content\/uploads\/2020\/02\/logo-nonjetable-noir-250x21-1.png","width":259,"height":21,"caption":"Nonjetable"},"image":{"@id":"https:\/\/nonjetable.com\/eshop\/#\/schema\/logo\/image\/"},"sameAs":["https:\/\/www.instagram.com\/nonjetable\/"]}]}},"_links":{"self":[{"href":"https:\/\/nonjetable.com\/eshop\/wp-json\/wp\/v2\/product\/842","targetHints":{"allow":["GET"]}}],"collection":[{"href":"https:\/\/nonjetable.com\/eshop\/wp-json\/wp\/v2\/product"}],"about":[{"href":"https:\/\/nonjetable.com\/eshop\/wp-json\/wp\/v2\/types\/product"}],"replies":[{"embeddable":true,"href":"https:\/\/nonjetable.com\/eshop\/wp-json\/wp\/v2\/comments?post=842"}],"wp:featuredmedia":[{"embeddable":true,"href":"https:\/\/nonjetable.com\/eshop\/wp-json\/wp\/v2\/media\/4951"}],"wp:attachment":[{"href":"https:\/\/nonjetable.com\/eshop\/wp-json\/wp\/v2\/media?parent=842"}],"wp:term":[{"taxonomy":"product_brand","embeddable":true,"href":"https:\/\/nonjetable.com\/eshop\/wp-json\/wp\/v2\/product_brand?post=842"},{"taxonomy":"product_cat","embeddable":true,"href":"https:\/\/nonjetable.com\/eshop\/wp-json\/wp\/v2\/product_cat?post=842"},{"taxonomy":"product_tag","embeddable":true,"href":"https:\/\/nonjetable.com\/eshop\/wp-json\/wp\/v2\/product_tag?post=842"}],"curies":[{"name":"wp","href":"https:\/\/api.w.org\/{rel}","templated":true}]}}