{"id":815,"date":"2020-03-30T09:00:47","date_gmt":"2020-03-30T07:00:47","guid":{"rendered":"https:\/\/nonjetable.com\/eshop\/?post_type=product&#038;p=815"},"modified":"2023-08-09T14:48:48","modified_gmt":"2023-08-09T12:48:48","slug":"caisson-de-bureau-chene","status":"publish","type":"product","link":"https:\/\/nonjetable.com\/eshop\/produit\/caisson-de-bureau-chene\/","title":{"rendered":"Caisson de bureau en ch\u00eane PRIVATE DESK"},"content":{"rendered":"<p>[et_pb_section fb_built=\u00a0\u00bb1&Prime; _builder_version=\u00a0\u00bb4.16&Prime; custom_margin=\u00a0\u00bb20px||||false|false\u00a0\u00bb custom_padding=\u00a0\u00bb0px||||false|false\u00a0\u00bb collapsed=\u00a0\u00bbon\u00a0\u00bb global_colors_info=\u00a0\u00bb{}\u00a0\u00bb][et_pb_row _builder_version=\u00a0\u00bb4.16&Prime; background_size=\u00a0\u00bbinitial\u00a0\u00bb background_position=\u00a0\u00bbtop_left\u00a0\u00bb background_repeat=\u00a0\u00bbrepeat\u00a0\u00bb width=\u00a0\u00bb90%\u00a0\u00bb custom_margin=\u00a0\u00bb0px||0px||false|false\u00a0\u00bb custom_padding=\u00a0\u00bb0px||0px||false|false\u00a0\u00bb global_colors_info=\u00a0\u00bb{}\u00a0\u00bb][et_pb_column type=\u00a0\u00bb4_4&Prime; _builder_version=\u00a0\u00bb4.16&Prime; custom_padding=\u00a0\u00bb||0px||false|false\u00a0\u00bb global_colors_info=\u00a0\u00bb{}\u00a0\u00bb custom_padding__hover=\u00a0\u00bb|||\u00a0\u00bb][et_pb_wc_breadcrumb breadcrumb_home_text=\u00a0\u00bbShop\u00a0\u00bb breadcrumb_home_url=\u00a0\u00bb@ET-DC@eyJkeW5hbWljIjp0cnVlLCJjb250ZW50IjoicG9zdF9saW5rX3VybF9wYWdlIiwic2V0dGluZ3MiOnsicG9zdF9pZCI6IjM4ODYifX0=@\u00a0\u00bb _builder_version=\u00a0\u00bb4.9.0&Prime; _dynamic_attributes=\u00a0\u00bbbreadcrumb_home_url\u00a0\u00bb body_line_height=\u00a0\u00bb1em\u00a0\u00bb custom_margin=\u00a0\u00bb0px|0px|6px|0px|false|false\u00a0\u00bb custom_padding=\u00a0\u00bb6px|0px|4px|0px|false|false\u00a0\u00bb global_module=\u00a0\u00bb3043&Prime; global_colors_info=\u00a0\u00bb{}\u00a0\u00bb][\/et_pb_wc_breadcrumb][et_pb_wc_cart_notice _builder_version=\u00a0\u00bb4.16&Prime; title_text_color=\u00a0\u00bb#000000&Prime; title_font_size=\u00a0\u00bb14px\u00a0\u00bb background_color=\u00a0\u00bbrgba(0,0,0,0)\u00a0\u00bb custom_button=\u00a0\u00bbon\u00a0\u00bb button_text_size=\u00a0\u00bb16px\u00a0\u00bb button_text_color=\u00a0\u00bb#ffffff\u00a0\u00bb button_bg_color=\u00a0\u00bb#000000&Prime; button_custom_margin=\u00a0\u00bb0px||0px||true|false\u00a0\u00bb button_custom_padding=\u00a0\u00bb0px||0px||true|false\u00a0\u00bb custom_margin=\u00a0\u00bb0em|0em|1em|0em|false|false\u00a0\u00bb custom_padding=\u00a0\u00bb0px|0px|0px|0px|true|true\u00a0\u00bb body_text_color=\u00a0\u00bb#000000&Prime; body_font_size=\u00a0\u00bb14px\u00a0\u00bb global_colors_info=\u00a0\u00bb{}\u00a0\u00bb][\/et_pb_wc_cart_notice][\/et_pb_column][\/et_pb_row][et_pb_row column_structure=\u00a0\u00bb1_2,1_2&Prime; _builder_version=\u00a0\u00bb4.18.1&Prime; background_size=\u00a0\u00bbinitial\u00a0\u00bb background_position=\u00a0\u00bbtop_left\u00a0\u00bb background_repeat=\u00a0\u00bbrepeat\u00a0\u00bb width=\u00a0\u00bb90%\u00a0\u00bb custom_padding=\u00a0\u00bb0px||||false|false\u00a0\u00bb collapsed=\u00a0\u00bbon\u00a0\u00bb global_colors_info=\u00a0\u00bb{}\u00a0\u00bb][et_pb_column type=\u00a0\u00bb1_2&Prime; _builder_version=\u00a0\u00bb4.16&Prime; custom_padding=\u00a0\u00bb|||\u00a0\u00bb global_colors_info=\u00a0\u00bb{}\u00a0\u00bb custom_padding__hover=\u00a0\u00bb|||\u00a0\u00bb][et_pb_wc_images _builder_version=\u00a0\u00bb4.16&Prime; global_colors_info=\u00a0\u00bb{}\u00a0\u00bb][\/et_pb_wc_images][\/et_pb_column][et_pb_column type=\u00a0\u00bb1_2&Prime; _builder_version=\u00a0\u00bb4.18.1&Prime; custom_padding=\u00a0\u00bb|||50px|false|false\u00a0\u00bb custom_padding_tablet=\u00a0\u00bb|||0px|false|false\u00a0\u00bb custom_padding_phone=\u00a0\u00bb|||0px|false|false\u00a0\u00bb custom_padding_last_edited=\u00a0\u00bbon|phone\u00a0\u00bb global_colors_info=\u00a0\u00bb{}\u00a0\u00bb custom_padding__hover=\u00a0\u00bb|||\u00a0\u00bb][et_pb_wc_title _builder_version=\u00a0\u00bb4.4.5&Prime; header_font=\u00a0\u00bb||||||||\u00a0\u00bb header_font_size=\u00a0\u00bb26px\u00a0\u00bb global_module=\u00a0\u00bb2990&Prime; global_colors_info=\u00a0\u00bb{}\u00a0\u00bb][\/et_pb_wc_title][et_pb_wc_rating _builder_version=\u00a0\u00bb4.16&Prime; global_colors_info=\u00a0\u00bb{}\u00a0\u00bb][\/et_pb_wc_rating][et_pb_wc_price _builder_version=\u00a0\u00bb4.4.5&Prime; body_font=\u00a0\u00bbGotham Bold||||||||\u00a0\u00bb body_font_size=\u00a0\u00bb20px\u00a0\u00bb global_module=\u00a0\u00bb2992&Prime; global_colors_info=\u00a0\u00bb{}\u00a0\u00bb][\/et_pb_wc_price][et_pb_wc_add_to_cart show_quantity=\u00a0\u00bboff\u00a0\u00bb show_stock=\u00a0\u00bboff\u00a0\u00bb _builder_version=\u00a0\u00bb4.19.1&Prime; field_label_font=\u00a0\u00bbGotham Bold||||||||\u00a0\u00bb field_label_font_size=\u00a0\u00bb16px\u00a0\u00bb dropdown_menus_font_size=\u00a0\u00bb16px\u00a0\u00bb custom_button=\u00a0\u00bbon\u00a0\u00bb button_text_color=\u00a0\u00bb#ffffff\u00a0\u00bb button_bg_color=\u00a0\u00bb#7e7e7e\u00a0\u00bb button_border_width=\u00a0\u00bb0px\u00a0\u00bb custom_margin=\u00a0\u00bb||8px||false|false\u00a0\u00bb custom_padding=\u00a0\u00bb||1em||false|false\u00a0\u00bb custom_css_before=\u00a0\u00bbtable#content-area td {padding:0.8em 0.5em !important;}\u00a0\u00bb body_font=\u00a0\u00bbGotham Bold||||||||\u00a0\u00bb body_font_size=\u00a0\u00bb16px\u00a0\u00bb global_module=\u00a0\u00bb3003&Prime; locked=\u00a0\u00bboff\u00a0\u00bb global_colors_info=\u00a0\u00bb{}\u00a0\u00bb][\/et_pb_wc_add_to_cart][et_pb_text _builder_version=\u00a0\u00bb4.4.2&Prime; _dynamic_attributes=\u00a0\u00bbcontent\u00a0\u00bb text_text_color=\u00a0\u00bb#000000&Prime; custom_margin=\u00a0\u00bb||8px||false|false\u00a0\u00bb custom_padding=\u00a0\u00bb||30px||false|false\u00a0\u00bb global_module=\u00a0\u00bb3002&Prime; global_colors_info=\u00a0\u00bb{}\u00a0\u00bb]@ET-DC@eyJkeW5hbWljIjp0cnVlLCJjb250ZW50IjoicHJvZHVjdF9zaG9ydF9kZXNjcmlwdGlvbiIsInNldHRpbmdzIjp7ImJlZm9yZSI6IiIsImFmdGVyIjoiIn19@[\/et_pb_text][et_pb_toggle title=\u00a0\u00bbDescription\u00a0\u00bb closed_toggle_text_color=\u00a0\u00bb#000000&Prime; closed_toggle_background_color=\u00a0\u00bbrgba(0,0,0,0)\u00a0\u00bb _builder_version=\u00a0\u00bb4.4.5&Prime; _dynamic_attributes=\u00a0\u00bbcontent\u00a0\u00bb title_font=\u00a0\u00bbGotham Bold||||||||\u00a0\u00bb body_text_color=\u00a0\u00bb#000000&Prime; custom_margin=\u00a0\u00bb||4px||false|false\u00a0\u00bb border_width_all=\u00a0\u00bb0px\u00a0\u00bb border_width_top=\u00a0\u00bb1px\u00a0\u00bb global_module=\u00a0\u00bb2994&Prime; saved_tabs=\u00a0\u00bball\u00a0\u00bb global_colors_info=\u00a0\u00bb{}\u00a0\u00bb]@ET-DC@eyJkeW5hbWljIjp0cnVlLCJjb250ZW50IjoicHJvZHVjdF9kZXNjcmlwdGlvbiIsInNldHRpbmdzIjp7ImJlZm9yZSI6IiIsImFmdGVyIjoiIn19@[\/et_pb_toggle][et_pb_toggle title=\u00a0\u00bbDurabilit\u00e9 et origine du produit\u00a0\u00bb closed_toggle_text_color=\u00a0\u00bb#000000&Prime; closed_toggle_background_color=\u00a0\u00bbrgba(0,0,0,0)\u00a0\u00bb _builder_version=\u00a0\u00bb4.21.0&Prime; title_font=\u00a0\u00bbGotham Bold||||||||\u00a0\u00bb body_text_color=\u00a0\u00bb#000000&Prime; custom_margin=\u00a0\u00bb||4px||false|false\u00a0\u00bb border_width_all=\u00a0\u00bb0px\u00a0\u00bb border_width_top=\u00a0\u00bb1px\u00a0\u00bb global_module=\u00a0\u00bb1819&Prime; saved_tabs=\u00a0\u00bball\u00a0\u00bb global_colors_info=\u00a0\u00bb{}\u00a0\u00bb]<\/p>\n<p>Nos meubles ont d\u00e8s le d\u00e9part \u00e9t\u00e9 dessin\u00e9s pour utiliser le minimum de mati\u00e8re possible. Chaque pi\u00e8ce b\u00e9n\u00e9ficie d&rsquo;une finition \u00e0 la main.<br \/>Designer Meri von Renteln \/ Nonjetable, France.<\/p>\n<p>Fabriqu\u00e9 en Europe en petites s\u00e9ries avec des bois locaux certifi\u00e9s FSC.<br \/>Toutes les colles sont sans solvants toxiques et ne rejettent pas de COV nocifs.<br \/><span style=\"font-size: 16px;\">Notre fabricant est une entreprise familiale avec laquelle nous travaillons depuis plus de 10 ans. La dur\u00e9e de cette relation nous a permis de d\u00e9velopper une compr\u00e9hension mutuelle qui est un crit\u00e8re de qualit\u00e9.<\/span><\/p>\n<p>[\/et_pb_toggle][et_pb_wc_meta _builder_version=\u00a0\u00bb4.19.0&Prime; _module_preset=\u00a0\u00bbdefault\u00a0\u00bb global_colors_info=\u00a0\u00bb{}\u00a0\u00bb][\/et_pb_wc_meta][\/et_pb_column][\/et_pb_row][et_pb_row _builder_version=\u00a0\u00bb4.16&Prime; width=\u00a0\u00bb90%\u00a0\u00bb global_colors_info=\u00a0\u00bb{}\u00a0\u00bb][et_pb_column type=\u00a0\u00bb4_4&Prime; _builder_version=\u00a0\u00bb4.16&Prime; global_colors_info=\u00a0\u00bb{}\u00a0\u00bb][et_pb_toggle title=\u00a0\u00bbD\u00e9tails\u00a0\u00bb closed_toggle_text_color=\u00a0\u00bb#000000&Prime; closed_toggle_background_color=\u00a0\u00bbrgba(0,0,0,0)\u00a0\u00bb _builder_version=\u00a0\u00bb4.16&Prime; _dynamic_attributes=\u00a0\u00bbcontent\u00a0\u00bb title_font=\u00a0\u00bbGotham Bold||||||||\u00a0\u00bb custom_margin=\u00a0\u00bb||4px||false|false\u00a0\u00bb border_width_all=\u00a0\u00bb0px\u00a0\u00bb border_width_top=\u00a0\u00bb1px\u00a0\u00bb global_colors_info=\u00a0\u00bb{}\u00a0\u00bb]@ET-DC@eyJkeW5hbWljIjp0cnVlLCJjb250ZW50IjoicHJvZHVjdF9hZGRpdGlvbmFsX2luZm9ybWF0aW9uIiwic2V0dGluZ3MiOnsiYmVmb3JlIjoiIiwiYWZ0ZXIiOiIifX0=@[\/et_pb_toggle][et_pb_toggle title=\u00a0\u00bbLivraison\u00a0\u00bb closed_toggle_text_color=\u00a0\u00bb#000000&Prime; closed_toggle_background_color=\u00a0\u00bbrgba(0,0,0,0)\u00a0\u00bb module_id=\u00a0\u00bbLivraisonElementID\u00a0\u00bb _builder_version=\u00a0\u00bb4.19.0&Prime; title_font=\u00a0\u00bbGotham Bold||||||||\u00a0\u00bb custom_margin=\u00a0\u00bb||4px||false|false\u00a0\u00bb border_width_all=\u00a0\u00bb0px\u00a0\u00bb border_width_top=\u00a0\u00bb1px\u00a0\u00bb global_module=\u00a0\u00bb1834&Prime; saved_tabs=\u00a0\u00bball\u00a0\u00bb global_colors_info=\u00a0\u00bb{}\u00a0\u00bb]<\/p>\n<p>Les frais de livraison sont ajust\u00e9s et calcul\u00e9s en fonction du poids et du volume de votre colis et de sa destination. Les frais de livraison sont visibles juste avant la confirmation de la commande. Vous pouvez consulter notre page <a href=\"https:\/\/nonjetable.com\/eshop\/livraisons-et-retours\/\">Livraison et retours<\/a> pour plus de d\u00e9tails.<strong><\/strong><strong><\/strong><\/p>\n<p><strong>D\u00e9lai de livraison pour les meubles en stock:<\/strong><br \/>France : 3 \u00e0 7 jours ouvr\u00e9s.<br \/>Europe : 4 \u00e0 8 jours ouvr\u00e9s selon la destination.<br \/>Le d\u00e9lai de fabrication des meubles hors stock fabriqu\u00e9s \u00e0 la commande est de 8 semaines.<\/p>\n<p>Livraison par transporteur sur rue et sur palette.<\/p>\n<p>[\/et_pb_toggle][et_pb_toggle title=\u00a0\u00bbConseil d&rsquo;entretien\u00a0\u00bb closed_toggle_text_color=\u00a0\u00bb#000000&Prime; closed_toggle_background_color=\u00a0\u00bbrgba(0,0,0,0)\u00a0\u00bb _builder_version=\u00a0\u00bb4.19.1&Prime; title_font=\u00a0\u00bbGotham Bold|300|||||||\u00a0\u00bb body_text_color=\u00a0\u00bb#000000&Prime; width=\u00a0\u00bb90%\u00a0\u00bb border_width_all=\u00a0\u00bb0px\u00a0\u00bb border_width_top=\u00a0\u00bb1px\u00a0\u00bb global_module=\u00a0\u00bb1905&Prime; saved_tabs=\u00a0\u00bball\u00a0\u00bb global_colors_info=\u00a0\u00bb{}\u00a0\u00bb]<\/p>\n<p>D\u00e9poussi\u00e9rer r\u00e9guli\u00e8rement les surfaces avec un aspirateur.<br \/>En cas de t\u00e2ches vous pouvez poncer l\u00e9g\u00e8rement le bois dans le sens des veines du bois.<\/p>\n<p>Les \u00e9ventuelles t\u00e2ches doivent \u00eatre nettoy\u00e9es imm\u00e9diatement avec une \u00e9ponge douce et l\u00e9g\u00e8rement humidifi\u00e9e, \u00e0 l\u2019eau chaude savonneuse ou produit \u00e0 vaisselle doux. Ensuite rincer et s\u00e9cher. Les produits abrasifs ou alcalins sont \u00e0 proscrire. Frotter dans le sens des veines du bois.<\/p>\n<p>Comme ce produit est brut il est possible de le traiter avec une huile-cire naturelle. Vous pouvez nous contacter pour plus de d\u00e9tail.<\/p>\n<p>[\/et_pb_toggle][\/et_pb_column][\/et_pb_row][et_pb_row _builder_version=\u00a0\u00bb4.19.0&Prime; _module_preset=\u00a0\u00bbdefault\u00a0\u00bb width=\u00a0\u00bb90%\u00a0\u00bb custom_margin=\u00a0\u00bb||0px||false|false\u00a0\u00bb custom_padding=\u00a0\u00bb||0px||false|false\u00a0\u00bb global_module=\u00a0\u00bb4854&Prime; global_colors_info=\u00a0\u00bb{}\u00a0\u00bb][et_pb_column type=\u00a0\u00bb4_4&Prime; _builder_version=\u00a0\u00bb4.19.0&Prime; _module_preset=\u00a0\u00bbdefault\u00a0\u00bb global_colors_info=\u00a0\u00bb{}\u00a0\u00bb][et_pb_text _builder_version=\u00a0\u00bb4.19.0&Prime; _module_preset=\u00a0\u00bbdefault\u00a0\u00bb header_5_font=\u00a0\u00bbGotham Bold||||||||\u00a0\u00bb custom_margin=\u00a0\u00bb||0px||false|false\u00a0\u00bb custom_padding=\u00a0\u00bb||0px||false|false\u00a0\u00bb global_colors_info=\u00a0\u00bb{}\u00a0\u00bb]<\/p>\n<h5>Produits associ\u00e9s<\/h5>\n<p>[\/et_pb_text][et_pb_wc_upsells _builder_version=\u00a0\u00bb4.19.0&Prime; _module_preset=\u00a0\u00bbdefault\u00a0\u00bb title_text_color=\u00a0\u00bbRGBA(255,255,255,0)\u00a0\u00bb title_font_size=\u00a0\u00bb1px\u00a0\u00bb global_colors_info=\u00a0\u00bb{}\u00a0\u00bb][\/et_pb_wc_upsells][\/et_pb_column][\/et_pb_row][\/et_pb_section]<\/p>\n","protected":false},"excerpt":{"rendered":"<p>Notre caisson de bureau en ch\u00eane de\u00a0 la collection PRIVATE DESK est ajour\u00e9 sur deux faces, ce caisson a \u00e9t\u00e9 con\u00e7u pour \u00eatre tr\u00e8s adaptable tout en restant neutre.<\/p>\n<p>Il dispose de quatre espaces de rangement distincts. Un espace de rangement ouvert au dessus directement accessible et joliment divis\u00e9 par des parois de bois massif pour accueillir stylos, fournitures, documents ou blocs A4 ; un grand tiroir ; un petit tiroir ; un espace libre en bas avec un fond ouvert pour ranger des objets demeurant accessibles ou n\u00e9cessitant une alimentation \u00e9lectrique.<\/p>\n","protected":false},"featured_media":4867,"comment_status":"open","ping_status":"closed","template":"","meta":{"_et_pb_use_builder":"on","_et_pb_old_content":"Un joli caisson sur roulettes pivotants aussi bien pour des enfants que pour les adultes. Plac\u00e9 \u00e0 c\u00f4t\u00e9 d\u2019un <a href=\"https:\/\/nonjetable.com\/eshop\/produit\/bureau-chene-private-desk\/\">bureau en ch\u00eane PRIVATE DESK<\/a> il en prolonge l\u2019usage, plac\u00e9 en dessous, il se fait discret et dissimule son rangement sup\u00e9rieur. Le caisson reste visuellement int\u00e9ressant gr\u00e2ce \u00e0 son rangement compartiment\u00e9 sur la surface de pose.\r\n\r\nNotre caisson de bureau en ch\u00eane a \u00e9t\u00e9 \u00e9tudi\u00e9 pour \u00eatre neutre. Il s'adapte facilement \u00e0 d'autres meubles en ch\u00eane comme une biblioth\u00e8que ou un bureau.","_et_gb_content_width":""},"product_brand":[],"product_cat":[30],"product_tag":[49,67,121,62,122],"class_list":{"0":"post-815","1":"product","2":"type-product","3":"status-publish","4":"has-post-thumbnail","6":"product_cat-bureau","7":"product_tag-caisson-bureau","8":"product_tag-caisson-chene","9":"product_tag-caisson-de-bureau-chene","10":"product_tag-caisson-private-desk","11":"product_tag-caisson-sur-roulettes","12":"product_shipping_class-bureau-caisson-kit","14":"first","15":"instock","16":"taxable","17":"shipping-taxable","18":"purchasable","19":"product-type-simple"},"yoast_head":"<!-- This site is optimized with the Yoast SEO plugin v27.0 - https:\/\/yoast.com\/product\/yoast-seo-wordpress\/ -->\n<title>Caisson de bureau ch\u00eane - Sobre, \u00e9cologique et intemporel<\/title>\n<meta name=\"description\" content=\"Caisson de bureau ch\u00eane sobre, \u00e9cologique et intemporel. Des espaces de rangements multiples. Fabriqu\u00e9 en Europe. Sans aucun traitement.\" \/>\n<meta name=\"robots\" content=\"index, follow, max-snippet:-1, max-image-preview:large, max-video-preview:-1\" \/>\n<link rel=\"canonical\" href=\"https:\/\/nonjetable.com\/eshop\/produit\/caisson-de-bureau-chene\/\" \/>\n<meta property=\"og:locale\" content=\"fr_FR\" \/>\n<meta property=\"og:type\" content=\"article\" \/>\n<meta property=\"og:title\" content=\"Caisson de bureau ch\u00eane - Sobre, \u00e9cologique et intemporel\" \/>\n<meta property=\"og:description\" content=\"Caisson de bureau ch\u00eane sobre, \u00e9cologique et intemporel. Des espaces de rangements multiples. Fabriqu\u00e9 en Europe. Sans aucun traitement.\" \/>\n<meta property=\"og:url\" content=\"https:\/\/nonjetable.com\/eshop\/produit\/caisson-de-bureau-chene\/\" \/>\n<meta property=\"og:site_name\" content=\"Nonjetable - Meubles intemporels pour enfants et adultes\" \/>\n<meta property=\"article:modified_time\" content=\"2023-08-09T12:48:48+00:00\" \/>\n<meta property=\"og:image\" content=\"https:\/\/nonjetable.com\/eshop\/wp-content\/uploads\/2022\/11\/Nonjetable-Caisson-de-bureau-en-chene-PRIVATE-DESK-vue-en-angle.webp\" \/>\n\t<meta property=\"og:image:width\" content=\"1200\" \/>\n\t<meta property=\"og:image:height\" content=\"1200\" \/>\n\t<meta property=\"og:image:type\" content=\"image\/webp\" \/>\n<meta name=\"twitter:card\" content=\"summary_large_image\" \/>\n<meta name=\"twitter:label1\" content=\"Dur\u00e9e de lecture estim\u00e9e\" \/>\n\t<meta name=\"twitter:data1\" content=\"3 minutes\" \/>\n<script type=\"application\/ld+json\" class=\"yoast-schema-graph\">{\"@context\":\"https:\/\/schema.org\",\"@graph\":[{\"@type\":\"WebPage\",\"@id\":\"https:\/\/nonjetable.com\/eshop\/produit\/caisson-de-bureau-chene\/\",\"url\":\"https:\/\/nonjetable.com\/eshop\/produit\/caisson-de-bureau-chene\/\",\"name\":\"Caisson de bureau ch\u00eane - Sobre, \u00e9cologique et intemporel\",\"isPartOf\":{\"@id\":\"https:\/\/nonjetable.com\/eshop\/#website\"},\"primaryImageOfPage\":{\"@id\":\"https:\/\/nonjetable.com\/eshop\/produit\/caisson-de-bureau-chene\/#primaryimage\"},\"image\":{\"@id\":\"https:\/\/nonjetable.com\/eshop\/produit\/caisson-de-bureau-chene\/#primaryimage\"},\"thumbnailUrl\":\"https:\/\/nonjetable.com\/eshop\/wp-content\/uploads\/2022\/11\/Nonjetable-Caisson-de-bureau-en-chene-PRIVATE-DESK-vue-en-angle.webp\",\"datePublished\":\"2020-03-30T07:00:47+00:00\",\"dateModified\":\"2023-08-09T12:48:48+00:00\",\"description\":\"Caisson de bureau ch\u00eane sobre, \u00e9cologique et intemporel. Des espaces de rangements multiples. Fabriqu\u00e9 en Europe. Sans aucun traitement.\",\"breadcrumb\":{\"@id\":\"https:\/\/nonjetable.com\/eshop\/produit\/caisson-de-bureau-chene\/#breadcrumb\"},\"inLanguage\":\"fr-FR\",\"potentialAction\":[{\"@type\":\"ReadAction\",\"target\":[\"https:\/\/nonjetable.com\/eshop\/produit\/caisson-de-bureau-chene\/\"]}]},{\"@type\":\"ImageObject\",\"inLanguage\":\"fr-FR\",\"@id\":\"https:\/\/nonjetable.com\/eshop\/produit\/caisson-de-bureau-chene\/#primaryimage\",\"url\":\"https:\/\/nonjetable.com\/eshop\/wp-content\/uploads\/2022\/11\/Nonjetable-Caisson-de-bureau-en-chene-PRIVATE-DESK-vue-en-angle.webp\",\"contentUrl\":\"https:\/\/nonjetable.com\/eshop\/wp-content\/uploads\/2022\/11\/Nonjetable-Caisson-de-bureau-en-chene-PRIVATE-DESK-vue-en-angle.webp\",\"width\":1200,\"height\":1200,\"caption\":\"Caisson de bureau en che\u0302ne PRIVATE DESK Nonjetable vue-en-angle\"},{\"@type\":\"BreadcrumbList\",\"@id\":\"https:\/\/nonjetable.com\/eshop\/produit\/caisson-de-bureau-chene\/#breadcrumb\",\"itemListElement\":[{\"@type\":\"ListItem\",\"position\":1,\"name\":\"Accueil\",\"item\":\"https:\/\/nonjetable.com\/eshop\/\"},{\"@type\":\"ListItem\",\"position\":2,\"name\":\"Collection de meubles \u00e9cologiques\",\"item\":\"https:\/\/nonjetable.com\/eshop\/collection-de-meubles-ecologiques\/\"},{\"@type\":\"ListItem\",\"position\":3,\"name\":\"Caisson de bureau en ch\u00eane PRIVATE DESK\"}]},{\"@type\":\"WebSite\",\"@id\":\"https:\/\/nonjetable.com\/eshop\/#website\",\"url\":\"https:\/\/nonjetable.com\/eshop\/\",\"name\":\"Nonjetable - Meubles intemporels pour enfants et adultes\",\"description\":\"Lifetime furniture for kids and adults\",\"publisher\":{\"@id\":\"https:\/\/nonjetable.com\/eshop\/#organization\"},\"potentialAction\":[{\"@type\":\"SearchAction\",\"target\":{\"@type\":\"EntryPoint\",\"urlTemplate\":\"https:\/\/nonjetable.com\/eshop\/?s={search_term_string}\"},\"query-input\":{\"@type\":\"PropertyValueSpecification\",\"valueRequired\":true,\"valueName\":\"search_term_string\"}}],\"inLanguage\":\"fr-FR\"},{\"@type\":\"Organization\",\"@id\":\"https:\/\/nonjetable.com\/eshop\/#organization\",\"name\":\"Nonjetable\",\"url\":\"https:\/\/nonjetable.com\/eshop\/\",\"logo\":{\"@type\":\"ImageObject\",\"inLanguage\":\"fr-FR\",\"@id\":\"https:\/\/nonjetable.com\/eshop\/#\/schema\/logo\/image\/\",\"url\":\"https:\/\/nonjetable.com\/eshop\/wp-content\/uploads\/2020\/02\/logo-nonjetable-noir-250x21-1.png\",\"contentUrl\":\"https:\/\/nonjetable.com\/eshop\/wp-content\/uploads\/2020\/02\/logo-nonjetable-noir-250x21-1.png\",\"width\":259,\"height\":21,\"caption\":\"Nonjetable\"},\"image\":{\"@id\":\"https:\/\/nonjetable.com\/eshop\/#\/schema\/logo\/image\/\"},\"sameAs\":[\"https:\/\/www.instagram.com\/nonjetable\/\"]}]}<\/script>\n<!-- \/ Yoast SEO plugin. -->","yoast_head_json":{"title":"Caisson de bureau ch\u00eane - Sobre, \u00e9cologique et intemporel","description":"Caisson de bureau ch\u00eane sobre, \u00e9cologique et intemporel. Des espaces de rangements multiples. Fabriqu\u00e9 en Europe. Sans aucun traitement.","robots":{"index":"index","follow":"follow","max-snippet":"max-snippet:-1","max-image-preview":"max-image-preview:large","max-video-preview":"max-video-preview:-1"},"canonical":"https:\/\/nonjetable.com\/eshop\/produit\/caisson-de-bureau-chene\/","og_locale":"fr_FR","og_type":"article","og_title":"Caisson de bureau ch\u00eane - Sobre, \u00e9cologique et intemporel","og_description":"Caisson de bureau ch\u00eane sobre, \u00e9cologique et intemporel. Des espaces de rangements multiples. Fabriqu\u00e9 en Europe. Sans aucun traitement.","og_url":"https:\/\/nonjetable.com\/eshop\/produit\/caisson-de-bureau-chene\/","og_site_name":"Nonjetable - Meubles intemporels pour enfants et adultes","article_modified_time":"2023-08-09T12:48:48+00:00","og_image":[{"width":1200,"height":1200,"url":"https:\/\/nonjetable.com\/eshop\/wp-content\/uploads\/2022\/11\/Nonjetable-Caisson-de-bureau-en-chene-PRIVATE-DESK-vue-en-angle.webp","type":"image\/webp"}],"twitter_card":"summary_large_image","twitter_misc":{"Dur\u00e9e de lecture estim\u00e9e":"3 minutes"},"schema":{"@context":"https:\/\/schema.org","@graph":[{"@type":"WebPage","@id":"https:\/\/nonjetable.com\/eshop\/produit\/caisson-de-bureau-chene\/","url":"https:\/\/nonjetable.com\/eshop\/produit\/caisson-de-bureau-chene\/","name":"Caisson de bureau ch\u00eane - Sobre, \u00e9cologique et intemporel","isPartOf":{"@id":"https:\/\/nonjetable.com\/eshop\/#website"},"primaryImageOfPage":{"@id":"https:\/\/nonjetable.com\/eshop\/produit\/caisson-de-bureau-chene\/#primaryimage"},"image":{"@id":"https:\/\/nonjetable.com\/eshop\/produit\/caisson-de-bureau-chene\/#primaryimage"},"thumbnailUrl":"https:\/\/nonjetable.com\/eshop\/wp-content\/uploads\/2022\/11\/Nonjetable-Caisson-de-bureau-en-chene-PRIVATE-DESK-vue-en-angle.webp","datePublished":"2020-03-30T07:00:47+00:00","dateModified":"2023-08-09T12:48:48+00:00","description":"Caisson de bureau ch\u00eane sobre, \u00e9cologique et intemporel. Des espaces de rangements multiples. Fabriqu\u00e9 en Europe. Sans aucun traitement.","breadcrumb":{"@id":"https:\/\/nonjetable.com\/eshop\/produit\/caisson-de-bureau-chene\/#breadcrumb"},"inLanguage":"fr-FR","potentialAction":[{"@type":"ReadAction","target":["https:\/\/nonjetable.com\/eshop\/produit\/caisson-de-bureau-chene\/"]}]},{"@type":"ImageObject","inLanguage":"fr-FR","@id":"https:\/\/nonjetable.com\/eshop\/produit\/caisson-de-bureau-chene\/#primaryimage","url":"https:\/\/nonjetable.com\/eshop\/wp-content\/uploads\/2022\/11\/Nonjetable-Caisson-de-bureau-en-chene-PRIVATE-DESK-vue-en-angle.webp","contentUrl":"https:\/\/nonjetable.com\/eshop\/wp-content\/uploads\/2022\/11\/Nonjetable-Caisson-de-bureau-en-chene-PRIVATE-DESK-vue-en-angle.webp","width":1200,"height":1200,"caption":"Caisson de bureau en che\u0302ne PRIVATE DESK Nonjetable vue-en-angle"},{"@type":"BreadcrumbList","@id":"https:\/\/nonjetable.com\/eshop\/produit\/caisson-de-bureau-chene\/#breadcrumb","itemListElement":[{"@type":"ListItem","position":1,"name":"Accueil","item":"https:\/\/nonjetable.com\/eshop\/"},{"@type":"ListItem","position":2,"name":"Collection de meubles \u00e9cologiques","item":"https:\/\/nonjetable.com\/eshop\/collection-de-meubles-ecologiques\/"},{"@type":"ListItem","position":3,"name":"Caisson de bureau en ch\u00eane PRIVATE DESK"}]},{"@type":"WebSite","@id":"https:\/\/nonjetable.com\/eshop\/#website","url":"https:\/\/nonjetable.com\/eshop\/","name":"Nonjetable - Meubles intemporels pour enfants et adultes","description":"Lifetime furniture for kids and adults","publisher":{"@id":"https:\/\/nonjetable.com\/eshop\/#organization"},"potentialAction":[{"@type":"SearchAction","target":{"@type":"EntryPoint","urlTemplate":"https:\/\/nonjetable.com\/eshop\/?s={search_term_string}"},"query-input":{"@type":"PropertyValueSpecification","valueRequired":true,"valueName":"search_term_string"}}],"inLanguage":"fr-FR"},{"@type":"Organization","@id":"https:\/\/nonjetable.com\/eshop\/#organization","name":"Nonjetable","url":"https:\/\/nonjetable.com\/eshop\/","logo":{"@type":"ImageObject","inLanguage":"fr-FR","@id":"https:\/\/nonjetable.com\/eshop\/#\/schema\/logo\/image\/","url":"https:\/\/nonjetable.com\/eshop\/wp-content\/uploads\/2020\/02\/logo-nonjetable-noir-250x21-1.png","contentUrl":"https:\/\/nonjetable.com\/eshop\/wp-content\/uploads\/2020\/02\/logo-nonjetable-noir-250x21-1.png","width":259,"height":21,"caption":"Nonjetable"},"image":{"@id":"https:\/\/nonjetable.com\/eshop\/#\/schema\/logo\/image\/"},"sameAs":["https:\/\/www.instagram.com\/nonjetable\/"]}]}},"_links":{"self":[{"href":"https:\/\/nonjetable.com\/eshop\/wp-json\/wp\/v2\/product\/815","targetHints":{"allow":["GET"]}}],"collection":[{"href":"https:\/\/nonjetable.com\/eshop\/wp-json\/wp\/v2\/product"}],"about":[{"href":"https:\/\/nonjetable.com\/eshop\/wp-json\/wp\/v2\/types\/product"}],"replies":[{"embeddable":true,"href":"https:\/\/nonjetable.com\/eshop\/wp-json\/wp\/v2\/comments?post=815"}],"wp:featuredmedia":[{"embeddable":true,"href":"https:\/\/nonjetable.com\/eshop\/wp-json\/wp\/v2\/media\/4867"}],"wp:attachment":[{"href":"https:\/\/nonjetable.com\/eshop\/wp-json\/wp\/v2\/media?parent=815"}],"wp:term":[{"taxonomy":"product_brand","embeddable":true,"href":"https:\/\/nonjetable.com\/eshop\/wp-json\/wp\/v2\/product_brand?post=815"},{"taxonomy":"product_cat","embeddable":true,"href":"https:\/\/nonjetable.com\/eshop\/wp-json\/wp\/v2\/product_cat?post=815"},{"taxonomy":"product_tag","embeddable":true,"href":"https:\/\/nonjetable.com\/eshop\/wp-json\/wp\/v2\/product_tag?post=815"}],"curies":[{"name":"wp","href":"https:\/\/api.w.org\/{rel}","templated":true}]}}