{"id":553,"date":"2020-03-17T10:45:27","date_gmt":"2020-03-17T09:45:27","guid":{"rendered":"https:\/\/nonjetable.com\/eshop\/?page_id=553"},"modified":"2024-02-01T18:19:13","modified_gmt":"2024-02-01T17:19:13","slug":"collection-meubles-ecologiques-enfants","status":"publish","type":"page","link":"https:\/\/nonjetable.com\/eshop\/","title":{"rendered":"Shop"},"content":{"rendered":"\n\n\n\n[et_pb_section fb_built=\u00a0\u00bb1&Prime; fullwidth=\u00a0\u00bbon\u00a0\u00bb _builder_version=\u00a0\u00bb4.4.1&Prime;][et_pb_fullwidth_header title=\u00a0\u00bbShop\u00a0\u00bb text_orientation=\u00a0\u00bbcenter\u00a0\u00bb header_fullscreen=\u00a0\u00bbon\u00a0\u00bb content_max_width=\u00a0\u00bb80%\u00a0\u00bb content_tablet=\u00a0\u00bb\u00a0\u00bb content_phone=\u00a0\u00bb\u00a0\u00bb content_last_edited=\u00a0\u00bbon|desktop\u00a0\u00bb _builder_version=\u00a0\u00bb4.8.1&Prime; _dynamic_attributes=\u00a0\u00bblink_option_url\u00a0\u00bb title_font=\u00a0\u00bbGotham Light||||||||\u00a0\u00bb title_text_align=\u00a0\u00bbcenter\u00a0\u00bb title_font_size=\u00a0\u00bb34px\u00a0\u00bb content_font=\u00a0\u00bb|800|||||||\u00a0\u00bb subhead_font=\u00a0\u00bbGotham Light||||||||\u00a0\u00bb subhead_text_align=\u00a0\u00bbright\u00a0\u00bb subhead_font_size=\u00a0\u00bb21px\u00a0\u00bb background_enable_color=\u00a0\u00bboff\u00a0\u00bb background_image=\u00a0\u00bbhttps:\/\/nonjetable.com\/eshop\/wp-content\/uploads\/2020\/05\/Nonjetable-accueil-boy-sea.jpg\u00a0\u00bb custom_margin=\u00a0\u00bb||||false|false\u00a0\u00bb custom_padding=\u00a0\u00bb||||false|false\u00a0\u00bb link_option_url=\u00a0\u00bb@ET-DC@eyJkeW5hbWljIjp0cnVlLCJjb250ZW50IjoicG9zdF9saW5rX3VybF9wYWdlIiwic2V0dGluZ3MiOnsicG9zdF9pZCI6IjM4ODYifX0=@\u00a0\u00bb][\/et_pb_fullwidth_header][\/et_pb_section][et_pb_section fb_built=\u00a0\u00bb1&Prime; fullwidth=\u00a0\u00bbon\u00a0\u00bb _builder_version=\u00a0\u00bb4.4.3&Prime;][\/et_pb_section][et_pb_section fb_built=\u00a0\u00bb1&Prime; _builder_version=\u00a0\u00bb4.4.3&Prime; custom_margin=\u00a0\u00bb||||false|false\u00a0\u00bb custom_padding=\u00a0\u00bb0px||20px||false|false\u00a0\u00bb][et_pb_row column_structure=\u00a0\u00bb1_2,1_2&Prime; use_custom_gutter=\u00a0\u00bbon\u00a0\u00bb gutter_width=\u00a0\u00bb1&Prime; make_equal=\u00a0\u00bbon\u00a0\u00bb _builder_version=\u00a0\u00bb4.4.3&Prime; width=\u00a0\u00bb100%\u00a0\u00bb max_width=\u00a0\u00bb100%\u00a0\u00bb custom_margin=\u00a0\u00bb||||false|false\u00a0\u00bb custom_padding=\u00a0\u00bb20px||20px||false|false\u00a0\u00bb][et_pb_column type=\u00a0\u00bb1_2&Prime; _builder_version=\u00a0\u00bb4.4.1&Prime;][et_pb_text _builder_version=\u00a0\u00bb4.8.1&Prime; text_font=\u00a0\u00bbGotham Light||||||||\u00a0\u00bb text_text_color=\u00a0\u00bbrgba(0,0,0,0)\u00a0\u00bb text_font_size=\u00a0\u00bb34px\u00a0\u00bb background_image=\u00a0\u00bbhttps:\/\/nonjetable.com\/eshop\/wp-content\/uploads\/2020\/05\/Nonjetable-accueil-lits-fonctionnels-de\u0301tail-che\u0302ne.jpg\u00a0\u00bb custom_margin=\u00a0\u00bb|20px||20px|false|false\u00a0\u00bb custom_padding=\u00a0\u00bb6%||44%|25px|false|false\u00a0\u00bb link_option_url=\u00a0\u00bbhttps:\/\/nonjetable.com\/eshop\/categorie-produit\/meubles\/lits\/\u00a0\u00bb background__hover_enabled=\u00a0\u00bbon|hover\u00a0\u00bb background_color__hover=\u00a0\u00bb#b3b3b3&Prime; background_enable_color__hover=\u00a0\u00bbon\u00a0\u00bb background_blend__hover=\u00a0\u00bbmultiply\u00a0\u00bb text_text_color__hover_enabled=\u00a0\u00bbon|hover\u00a0\u00bb text_text_color__hover=\u00a0\u00bb#ffffff\u00a0\u00bb]<p>Nos lits utilisables \u00e0 vie<\/p>[\/et_pb_text][\/et_pb_column][et_pb_column type=\u00a0\u00bb1_2&Prime; _builder_version=\u00a0\u00bb4.4.1&Prime;][et_pb_text _builder_version=\u00a0\u00bb4.8.1&Prime; _dynamic_attributes=\u00a0\u00bblink_option_url\u00a0\u00bb text_font=\u00a0\u00bbGotham Light|300|||||||\u00a0\u00bb text_text_color=\u00a0\u00bbrgba(0,0,0,0)\u00a0\u00bb text_font_size=\u00a0\u00bb34px\u00a0\u00bb header_6_text_color=\u00a0\u00bbrgba(0,0,0,0)\u00a0\u00bb background_image=\u00a0\u00bbhttps:\/\/nonjetable.com\/eshop\/wp-content\/uploads\/2020\/05\/Nonjetable-accueil-projet-fleur-main.jpg\u00a0\u00bb background_position=\u00a0\u00bbtop_left\u00a0\u00bb background_layout=\u00a0\u00bbdark\u00a0\u00bb custom_margin=\u00a0\u00bb|20px|||false|false\u00a0\u00bb custom_margin_tablet=\u00a0\u00bb20px|||20px|false|false\u00a0\u00bb custom_margin_phone=\u00a0\u00bb\u00a0\u00bb custom_margin_last_edited=\u00a0\u00bbon|phone\u00a0\u00bb custom_padding=\u00a0\u00bb6%||44%|25px|false|false\u00a0\u00bb link_option_url=\u00a0\u00bb@ET-DC@eyJkeW5hbWljIjp0cnVlLCJjb250ZW50IjoicG9zdF9saW5rX3VybF9wYWdlIiwic2V0dGluZ3MiOnsicG9zdF9pZCI6IjE4NTcifX0=@\u00a0\u00bb background__hover_enabled=\u00a0\u00bbon|hover\u00a0\u00bb background_color__hover=\u00a0\u00bb#b3b3b3&Prime; background_enable_color__hover=\u00a0\u00bbon\u00a0\u00bb background_blend__hover=\u00a0\u00bbmultiply\u00a0\u00bb text_text_color__hover_enabled=\u00a0\u00bbon|hover\u00a0\u00bb text_text_color__hover=\u00a0\u00bb#ffffff\u00a0\u00bb header_6_text_color__hover_enabled=\u00a0\u00bbon|hover\u00a0\u00bb header_6_text_color__hover=\u00a0\u00bb#ffffff\u00a0\u00bb content__hover_enabled=\u00a0\u00bbon|hover\u00a0\u00bb custom_padding__hover_enabled=\u00a0\u00bbon|hover\u00a0\u00bb background_layout__hover_enabled=\u00a0\u00bbon|hover\u00a0\u00bb]<p>Notre projet<\/p>[\/et_pb_text][\/et_pb_column][\/et_pb_row][et_pb_row _builder_version=\u00a0\u00bb4.7.4&Prime; width=\u00a0\u00bb100%\u00a0\u00bb max_width=\u00a0\u00bb100%\u00a0\u00bb custom_margin=\u00a0\u00bb0px||0px||true|false\u00a0\u00bb custom_padding=\u00a0\u00bb0px|40px|0px|40px|true|true\u00a0\u00bb][et_pb_column type=\u00a0\u00bb4_4&Prime; _builder_version=\u00a0\u00bb4.4.5&Prime;][et_pb_text _builder_version=\u00a0\u00bb4.8.2&Prime; text_text_color=\u00a0\u00bb#6b6b6b\u00a0\u00bb text_font_size=\u00a0\u00bb18px\u00a0\u00bb text_line_height=\u00a0\u00bb1.5em\u00a0\u00bb header_2_font=\u00a0\u00bbGotham Bold||||||||\u00a0\u00bb header_2_text_color=\u00a0\u00bb#000000&Prime; header_2_font_size=\u00a0\u00bb18px\u00a0\u00bb header_2_line_height=\u00a0\u00bb1.4em\u00a0\u00bb custom_padding=\u00a0\u00bb40px||||false|false\u00a0\u00bb hover_enabled=\u00a0\u00bb0&Prime; header_2_font_size_tablet=\u00a0\u00bb\u00a0\u00bb header_2_font_size_phone=\u00a0\u00bb20px\u00a0\u00bb header_2_font_size_last_edited=\u00a0\u00bbon|phone\u00a0\u00bb sticky_enabled=\u00a0\u00bb0&Prime;]<h2 style=\"text-align: left;\">Durable par essence<\/h2>\n<p style=\"text-align: left;\">Fond\u00e9e en France, \u00e0 Paris en 2006, la marque de mobilier \u00e9cologique pour enfants et adultes Nonjetable est d\u00e8s l&rsquo;origine tourn\u00e9e vers un mode de vie plus \u00e9co-responsable. C&rsquo;est un mod\u00e8le dans lequel les objets sont con\u00e7us pour \u00eatre non-jetables, transmissibles, utilisables \u00e0 tout \u00e2ge. Notre d\u00e9marche depuis toujours propose un design simple, beau, discret.<\/p>\n<p style=\"text-align: left;\">Tous nos meubles sont non toxiques, durables et fabriqu\u00e9s en Europe sur commande. Chaque pi\u00e8ce est finie \u00e0 la main pour garder un toucher naturel. Nos origines scandinaves nous ram\u00e8ne au bois pour son naturel et belle vieillissement. Nos designs sont toujours fonctionnels.<\/p>\n<p style=\"text-align: left;\">Tous nos accessoires sont en coton biologique et mati\u00e8res organiques. Apr\u00e8s une longue utilisation tous nos produits sont bio d\u00e9gradables.<\/p>\n<p style=\"text-align: left;\">[\/et_pb_text][\/et_pb_column][\/et_pb_row][\/et_pb_section]\n\n\n\n","protected":false},"excerpt":{"rendered":"<p>Nos lits utilisables \u00e0 vieNotre projetDurable par essence Fond\u00e9e en France, \u00e0 Paris en 2006, la marque de mobilier \u00e9cologique pour enfants et adultes Nonjetable est d\u00e8s l&rsquo;origine tourn\u00e9e vers un mode de vie plus \u00e9co-responsable. C&rsquo;est un mod\u00e8le dans lequel les objets sont con\u00e7us pour \u00eatre non-jetables, transmissibles, utilisables \u00e0 tout \u00e2ge. Notre d\u00e9marche [&hellip;]<\/p>\n","protected":false},"author":1,"featured_media":0,"parent":0,"menu_order":0,"comment_status":"closed","ping_status":"closed","template":"","meta":{"_et_pb_use_builder":"on","_et_pb_old_content":"","_et_gb_content_width":"","footnotes":""},"class_list":["post-553","page","type-page","status-publish","hentry"],"yoast_head":"<!-- This site is optimized with the Yoast SEO plugin v27.0 - https:\/\/yoast.com\/product\/yoast-seo-wordpress\/ -->\n<title>Collection meubles \u00e9cologiques pour enfants - Nonjetable<\/title>\n<meta name=\"description\" content=\"Collection de meubles en bois massif et accessoires 100% coton biologique pour enfants et adultes. Fabriqu\u00e9 en Europe.\" \/>\n<meta name=\"robots\" content=\"index, follow, max-snippet:-1, max-image-preview:large, max-video-preview:-1\" \/>\n<link rel=\"canonical\" href=\"https:\/\/nonjetable.com\/eshop\/\" \/>\n<meta property=\"og:locale\" content=\"fr_FR\" \/>\n<meta property=\"og:type\" content=\"article\" \/>\n<meta property=\"og:title\" content=\"Collection meubles \u00e9cologiques pour enfants - Nonjetable\" \/>\n<meta property=\"og:description\" content=\"Collection de meubles en bois massif et accessoires 100% coton biologique pour enfants et adultes. Fabriqu\u00e9 en Europe.\" \/>\n<meta property=\"og:url\" content=\"https:\/\/nonjetable.com\/eshop\/\" \/>\n<meta property=\"og:site_name\" content=\"Nonjetable - Meubles intemporels pour enfants et adultes\" \/>\n<meta property=\"article:modified_time\" content=\"2024-02-01T17:19:13+00:00\" \/>\n<meta name=\"twitter:card\" content=\"summary_large_image\" \/>\n<meta name=\"twitter:label1\" content=\"Dur\u00e9e de lecture estim\u00e9e\" \/>\n\t<meta name=\"twitter:data1\" content=\"1 minute\" \/>\n<script type=\"application\/ld+json\" class=\"yoast-schema-graph\">{\"@context\":\"https:\/\/schema.org\",\"@graph\":[{\"@type\":\"WebPage\",\"@id\":\"https:\/\/nonjetable.com\/eshop\/\",\"url\":\"https:\/\/nonjetable.com\/eshop\/\",\"name\":\"Collection meubles \u00e9cologiques pour enfants - Nonjetable\",\"isPartOf\":{\"@id\":\"https:\/\/nonjetable.com\/eshop\/#website\"},\"datePublished\":\"2020-03-17T09:45:27+00:00\",\"dateModified\":\"2024-02-01T17:19:13+00:00\",\"description\":\"Collection de meubles en bois massif et accessoires 100% coton biologique pour enfants et adultes. Fabriqu\u00e9 en Europe.\",\"breadcrumb\":{\"@id\":\"https:\/\/nonjetable.com\/eshop\/#breadcrumb\"},\"inLanguage\":\"fr-FR\",\"potentialAction\":[{\"@type\":\"ReadAction\",\"target\":[\"https:\/\/nonjetable.com\/eshop\/\"]}]},{\"@type\":\"BreadcrumbList\",\"@id\":\"https:\/\/nonjetable.com\/eshop\/#breadcrumb\",\"itemListElement\":[{\"@type\":\"ListItem\",\"position\":1,\"name\":\"Accueil\",\"item\":\"https:\/\/nonjetable.com\/eshop\/\"},{\"@type\":\"ListItem\",\"position\":2,\"name\":\"Shop\"}]},{\"@type\":\"WebSite\",\"@id\":\"https:\/\/nonjetable.com\/eshop\/#website\",\"url\":\"https:\/\/nonjetable.com\/eshop\/\",\"name\":\"Nonjetable - Meubles intemporels pour enfants et adultes\",\"description\":\"Lifetime furniture for kids and adults\",\"publisher\":{\"@id\":\"https:\/\/nonjetable.com\/eshop\/#organization\"},\"potentialAction\":[{\"@type\":\"SearchAction\",\"target\":{\"@type\":\"EntryPoint\",\"urlTemplate\":\"https:\/\/nonjetable.com\/eshop\/?s={search_term_string}\"},\"query-input\":{\"@type\":\"PropertyValueSpecification\",\"valueRequired\":true,\"valueName\":\"search_term_string\"}}],\"inLanguage\":\"fr-FR\"},{\"@type\":\"Organization\",\"@id\":\"https:\/\/nonjetable.com\/eshop\/#organization\",\"name\":\"Nonjetable\",\"url\":\"https:\/\/nonjetable.com\/eshop\/\",\"logo\":{\"@type\":\"ImageObject\",\"inLanguage\":\"fr-FR\",\"@id\":\"https:\/\/nonjetable.com\/eshop\/#\/schema\/logo\/image\/\",\"url\":\"https:\/\/nonjetable.com\/eshop\/wp-content\/uploads\/2020\/02\/logo-nonjetable-noir-250x21-1.png\",\"contentUrl\":\"https:\/\/nonjetable.com\/eshop\/wp-content\/uploads\/2020\/02\/logo-nonjetable-noir-250x21-1.png\",\"width\":259,\"height\":21,\"caption\":\"Nonjetable\"},\"image\":{\"@id\":\"https:\/\/nonjetable.com\/eshop\/#\/schema\/logo\/image\/\"},\"sameAs\":[\"https:\/\/www.instagram.com\/nonjetable\/\"]}]}<\/script>\n<!-- \/ Yoast SEO plugin. -->","yoast_head_json":{"title":"Collection meubles \u00e9cologiques pour enfants - Nonjetable","description":"Collection de meubles en bois massif et accessoires 100% coton biologique pour enfants et adultes. Fabriqu\u00e9 en Europe.","robots":{"index":"index","follow":"follow","max-snippet":"max-snippet:-1","max-image-preview":"max-image-preview:large","max-video-preview":"max-video-preview:-1"},"canonical":"https:\/\/nonjetable.com\/eshop\/","og_locale":"fr_FR","og_type":"article","og_title":"Collection meubles \u00e9cologiques pour enfants - Nonjetable","og_description":"Collection de meubles en bois massif et accessoires 100% coton biologique pour enfants et adultes. Fabriqu\u00e9 en Europe.","og_url":"https:\/\/nonjetable.com\/eshop\/","og_site_name":"Nonjetable - Meubles intemporels pour enfants et adultes","article_modified_time":"2024-02-01T17:19:13+00:00","twitter_card":"summary_large_image","twitter_misc":{"Dur\u00e9e de lecture estim\u00e9e":"1 minute"},"schema":{"@context":"https:\/\/schema.org","@graph":[{"@type":"WebPage","@id":"https:\/\/nonjetable.com\/eshop\/","url":"https:\/\/nonjetable.com\/eshop\/","name":"Collection meubles \u00e9cologiques pour enfants - Nonjetable","isPartOf":{"@id":"https:\/\/nonjetable.com\/eshop\/#website"},"datePublished":"2020-03-17T09:45:27+00:00","dateModified":"2024-02-01T17:19:13+00:00","description":"Collection de meubles en bois massif et accessoires 100% coton biologique pour enfants et adultes. Fabriqu\u00e9 en Europe.","breadcrumb":{"@id":"https:\/\/nonjetable.com\/eshop\/#breadcrumb"},"inLanguage":"fr-FR","potentialAction":[{"@type":"ReadAction","target":["https:\/\/nonjetable.com\/eshop\/"]}]},{"@type":"BreadcrumbList","@id":"https:\/\/nonjetable.com\/eshop\/#breadcrumb","itemListElement":[{"@type":"ListItem","position":1,"name":"Accueil","item":"https:\/\/nonjetable.com\/eshop\/"},{"@type":"ListItem","position":2,"name":"Shop"}]},{"@type":"WebSite","@id":"https:\/\/nonjetable.com\/eshop\/#website","url":"https:\/\/nonjetable.com\/eshop\/","name":"Nonjetable - Meubles intemporels pour enfants et adultes","description":"Lifetime furniture for kids and adults","publisher":{"@id":"https:\/\/nonjetable.com\/eshop\/#organization"},"potentialAction":[{"@type":"SearchAction","target":{"@type":"EntryPoint","urlTemplate":"https:\/\/nonjetable.com\/eshop\/?s={search_term_string}"},"query-input":{"@type":"PropertyValueSpecification","valueRequired":true,"valueName":"search_term_string"}}],"inLanguage":"fr-FR"},{"@type":"Organization","@id":"https:\/\/nonjetable.com\/eshop\/#organization","name":"Nonjetable","url":"https:\/\/nonjetable.com\/eshop\/","logo":{"@type":"ImageObject","inLanguage":"fr-FR","@id":"https:\/\/nonjetable.com\/eshop\/#\/schema\/logo\/image\/","url":"https:\/\/nonjetable.com\/eshop\/wp-content\/uploads\/2020\/02\/logo-nonjetable-noir-250x21-1.png","contentUrl":"https:\/\/nonjetable.com\/eshop\/wp-content\/uploads\/2020\/02\/logo-nonjetable-noir-250x21-1.png","width":259,"height":21,"caption":"Nonjetable"},"image":{"@id":"https:\/\/nonjetable.com\/eshop\/#\/schema\/logo\/image\/"},"sameAs":["https:\/\/www.instagram.com\/nonjetable\/"]}]}},"_links":{"self":[{"href":"https:\/\/nonjetable.com\/eshop\/wp-json\/wp\/v2\/pages\/553","targetHints":{"allow":["GET"]}}],"collection":[{"href":"https:\/\/nonjetable.com\/eshop\/wp-json\/wp\/v2\/pages"}],"about":[{"href":"https:\/\/nonjetable.com\/eshop\/wp-json\/wp\/v2\/types\/page"}],"author":[{"embeddable":true,"href":"https:\/\/nonjetable.com\/eshop\/wp-json\/wp\/v2\/users\/1"}],"replies":[{"embeddable":true,"href":"https:\/\/nonjetable.com\/eshop\/wp-json\/wp\/v2\/comments?post=553"}],"version-history":[{"count":188,"href":"https:\/\/nonjetable.com\/eshop\/wp-json\/wp\/v2\/pages\/553\/revisions"}],"predecessor-version":[{"id":4340,"href":"https:\/\/nonjetable.com\/eshop\/wp-json\/wp\/v2\/pages\/553\/revisions\/4340"}],"wp:attachment":[{"href":"https:\/\/nonjetable.com\/eshop\/wp-json\/wp\/v2\/media?parent=553"}],"curies":[{"name":"wp","href":"https:\/\/api.w.org\/{rel}","templated":true}]}}