{"id":3886,"date":"2020-12-10T18:22:33","date_gmt":"2020-12-10T17:22:33","guid":{"rendered":"https:\/\/nonjetable.com\/eshop\/?page_id=3886"},"modified":"2024-02-01T18:16:24","modified_gmt":"2024-02-01T17:16:24","slug":"collection-de-meubles-ecologiques","status":"publish","type":"page","link":"https:\/\/nonjetable.com\/eshop\/collection-de-meubles-ecologiques\/","title":{"rendered":"Collection de meubles \u00e9cologiques"},"content":{"rendered":"\n\n\n\n\n[et_pb_section fb_built=\u00a0\u00bb1&Prime; _builder_version=\u00a0\u00bb4.7.5&Prime; _module_preset=\u00a0\u00bbdefault\u00a0\u00bb][\/et_pb_section]\n\n\n\n\n","protected":false},"excerpt":{"rendered":"","protected":false},"author":1,"featured_media":0,"parent":0,"menu_order":0,"comment_status":"closed","ping_status":"closed","template":"","meta":{"_et_pb_use_builder":"on","_et_pb_old_content":"","_et_gb_content_width":"","footnotes":""},"class_list":["post-3886","page","type-page","status-publish","hentry"],"yoast_head":"<!-- This site is optimized with the Yoast SEO plugin v27.0 - https:\/\/yoast.com\/product\/yoast-seo-wordpress\/ -->\n<title>Collection de meubles \u00e9cologiques<\/title>\n<meta name=\"description\" content=\"Collection de meubles \u00e9cologiques pour enfants et adultes. En bois massif et accessoires 100% coton biologique. Fabriqu\u00e9 en Europe.\" \/>\n<meta name=\"robots\" content=\"index, follow, max-snippet:-1, max-image-preview:large, max-video-preview:-1\" \/>\n<link rel=\"canonical\" href=\"https:\/\/nonjetable.com\/eshop\/collection-de-meubles-ecologiques\/\" \/>\n<meta property=\"og:locale\" content=\"fr_FR\" \/>\n<meta property=\"og:type\" content=\"article\" \/>\n<meta property=\"og:title\" content=\"Collection de meubles \u00e9cologiques\" \/>\n<meta property=\"og:description\" content=\"Collection de meubles \u00e9cologiques pour enfants et adultes. En bois massif et accessoires 100% coton biologique. Fabriqu\u00e9 en Europe.\" \/>\n<meta property=\"og:url\" content=\"https:\/\/nonjetable.com\/eshop\/collection-de-meubles-ecologiques\/\" \/>\n<meta property=\"og:site_name\" content=\"Nonjetable - Meubles intemporels pour enfants et adultes\" \/>\n<meta property=\"article:modified_time\" content=\"2024-02-01T17:16:24+00:00\" \/>\n<meta name=\"twitter:card\" content=\"summary_large_image\" \/>\n<script type=\"application\/ld+json\" class=\"yoast-schema-graph\">{\"@context\":\"https:\/\/schema.org\",\"@graph\":[{\"@type\":\"WebPage\",\"@id\":\"https:\/\/nonjetable.com\/eshop\/collection-de-meubles-ecologiques\/\",\"url\":\"https:\/\/nonjetable.com\/eshop\/collection-de-meubles-ecologiques\/\",\"name\":\"Collection de meubles \u00e9cologiques\",\"isPartOf\":{\"@id\":\"https:\/\/nonjetable.com\/eshop\/#website\"},\"datePublished\":\"2020-12-10T17:22:33+00:00\",\"dateModified\":\"2024-02-01T17:16:24+00:00\",\"description\":\"Collection de meubles \u00e9cologiques pour enfants et adultes. En bois massif et accessoires 100% coton biologique. Fabriqu\u00e9 en Europe.\",\"breadcrumb\":{\"@id\":\"https:\/\/nonjetable.com\/eshop\/collection-de-meubles-ecologiques\/#breadcrumb\"},\"inLanguage\":\"fr-FR\",\"potentialAction\":[{\"@type\":\"ReadAction\",\"target\":[\"https:\/\/nonjetable.com\/eshop\/collection-de-meubles-ecologiques\/\"]}]},{\"@type\":\"BreadcrumbList\",\"@id\":\"https:\/\/nonjetable.com\/eshop\/collection-de-meubles-ecologiques\/#breadcrumb\",\"itemListElement\":[{\"@type\":\"ListItem\",\"position\":1,\"name\":\"Accueil\",\"item\":\"https:\/\/nonjetable.com\/eshop\/\"},{\"@type\":\"ListItem\",\"position\":2,\"name\":\"Collection de meubles \u00e9cologiques\"}]},{\"@type\":\"WebSite\",\"@id\":\"https:\/\/nonjetable.com\/eshop\/#website\",\"url\":\"https:\/\/nonjetable.com\/eshop\/\",\"name\":\"Nonjetable - Meubles intemporels pour enfants et adultes\",\"description\":\"Lifetime furniture for kids and adults\",\"publisher\":{\"@id\":\"https:\/\/nonjetable.com\/eshop\/#organization\"},\"potentialAction\":[{\"@type\":\"SearchAction\",\"target\":{\"@type\":\"EntryPoint\",\"urlTemplate\":\"https:\/\/nonjetable.com\/eshop\/?s={search_term_string}\"},\"query-input\":{\"@type\":\"PropertyValueSpecification\",\"valueRequired\":true,\"valueName\":\"search_term_string\"}}],\"inLanguage\":\"fr-FR\"},{\"@type\":\"Organization\",\"@id\":\"https:\/\/nonjetable.com\/eshop\/#organization\",\"name\":\"Nonjetable\",\"url\":\"https:\/\/nonjetable.com\/eshop\/\",\"logo\":{\"@type\":\"ImageObject\",\"inLanguage\":\"fr-FR\",\"@id\":\"https:\/\/nonjetable.com\/eshop\/#\/schema\/logo\/image\/\",\"url\":\"https:\/\/nonjetable.com\/eshop\/wp-content\/uploads\/2020\/02\/logo-nonjetable-noir-250x21-1.png\",\"contentUrl\":\"https:\/\/nonjetable.com\/eshop\/wp-content\/uploads\/2020\/02\/logo-nonjetable-noir-250x21-1.png\",\"width\":259,\"height\":21,\"caption\":\"Nonjetable\"},\"image\":{\"@id\":\"https:\/\/nonjetable.com\/eshop\/#\/schema\/logo\/image\/\"},\"sameAs\":[\"https:\/\/www.instagram.com\/nonjetable\/\"]}]}<\/script>\n<!-- \/ Yoast SEO plugin. -->","yoast_head_json":{"title":"Collection de meubles \u00e9cologiques","description":"Collection de meubles \u00e9cologiques pour enfants et adultes. En bois massif et accessoires 100% coton biologique. Fabriqu\u00e9 en Europe.","robots":{"index":"index","follow":"follow","max-snippet":"max-snippet:-1","max-image-preview":"max-image-preview:large","max-video-preview":"max-video-preview:-1"},"canonical":"https:\/\/nonjetable.com\/eshop\/collection-de-meubles-ecologiques\/","og_locale":"fr_FR","og_type":"article","og_title":"Collection de meubles \u00e9cologiques","og_description":"Collection de meubles \u00e9cologiques pour enfants et adultes. En bois massif et accessoires 100% coton biologique. Fabriqu\u00e9 en Europe.","og_url":"https:\/\/nonjetable.com\/eshop\/collection-de-meubles-ecologiques\/","og_site_name":"Nonjetable - Meubles intemporels pour enfants et adultes","article_modified_time":"2024-02-01T17:16:24+00:00","twitter_card":"summary_large_image","schema":{"@context":"https:\/\/schema.org","@graph":[{"@type":"WebPage","@id":"https:\/\/nonjetable.com\/eshop\/collection-de-meubles-ecologiques\/","url":"https:\/\/nonjetable.com\/eshop\/collection-de-meubles-ecologiques\/","name":"Collection de meubles \u00e9cologiques","isPartOf":{"@id":"https:\/\/nonjetable.com\/eshop\/#website"},"datePublished":"2020-12-10T17:22:33+00:00","dateModified":"2024-02-01T17:16:24+00:00","description":"Collection de meubles \u00e9cologiques pour enfants et adultes. En bois massif et accessoires 100% coton biologique. Fabriqu\u00e9 en Europe.","breadcrumb":{"@id":"https:\/\/nonjetable.com\/eshop\/collection-de-meubles-ecologiques\/#breadcrumb"},"inLanguage":"fr-FR","potentialAction":[{"@type":"ReadAction","target":["https:\/\/nonjetable.com\/eshop\/collection-de-meubles-ecologiques\/"]}]},{"@type":"BreadcrumbList","@id":"https:\/\/nonjetable.com\/eshop\/collection-de-meubles-ecologiques\/#breadcrumb","itemListElement":[{"@type":"ListItem","position":1,"name":"Accueil","item":"https:\/\/nonjetable.com\/eshop\/"},{"@type":"ListItem","position":2,"name":"Collection de meubles \u00e9cologiques"}]},{"@type":"WebSite","@id":"https:\/\/nonjetable.com\/eshop\/#website","url":"https:\/\/nonjetable.com\/eshop\/","name":"Nonjetable - Meubles intemporels pour enfants et adultes","description":"Lifetime furniture for kids and adults","publisher":{"@id":"https:\/\/nonjetable.com\/eshop\/#organization"},"potentialAction":[{"@type":"SearchAction","target":{"@type":"EntryPoint","urlTemplate":"https:\/\/nonjetable.com\/eshop\/?s={search_term_string}"},"query-input":{"@type":"PropertyValueSpecification","valueRequired":true,"valueName":"search_term_string"}}],"inLanguage":"fr-FR"},{"@type":"Organization","@id":"https:\/\/nonjetable.com\/eshop\/#organization","name":"Nonjetable","url":"https:\/\/nonjetable.com\/eshop\/","logo":{"@type":"ImageObject","inLanguage":"fr-FR","@id":"https:\/\/nonjetable.com\/eshop\/#\/schema\/logo\/image\/","url":"https:\/\/nonjetable.com\/eshop\/wp-content\/uploads\/2020\/02\/logo-nonjetable-noir-250x21-1.png","contentUrl":"https:\/\/nonjetable.com\/eshop\/wp-content\/uploads\/2020\/02\/logo-nonjetable-noir-250x21-1.png","width":259,"height":21,"caption":"Nonjetable"},"image":{"@id":"https:\/\/nonjetable.com\/eshop\/#\/schema\/logo\/image\/"},"sameAs":["https:\/\/www.instagram.com\/nonjetable\/"]}]}},"_links":{"self":[{"href":"https:\/\/nonjetable.com\/eshop\/wp-json\/wp\/v2\/pages\/3886","targetHints":{"allow":["GET"]}}],"collection":[{"href":"https:\/\/nonjetable.com\/eshop\/wp-json\/wp\/v2\/pages"}],"about":[{"href":"https:\/\/nonjetable.com\/eshop\/wp-json\/wp\/v2\/types\/page"}],"author":[{"embeddable":true,"href":"https:\/\/nonjetable.com\/eshop\/wp-json\/wp\/v2\/users\/1"}],"replies":[{"embeddable":true,"href":"https:\/\/nonjetable.com\/eshop\/wp-json\/wp\/v2\/comments?post=3886"}],"version-history":[{"count":7,"href":"https:\/\/nonjetable.com\/eshop\/wp-json\/wp\/v2\/pages\/3886\/revisions"}],"predecessor-version":[{"id":5085,"href":"https:\/\/nonjetable.com\/eshop\/wp-json\/wp\/v2\/pages\/3886\/revisions\/5085"}],"wp:attachment":[{"href":"https:\/\/nonjetable.com\/eshop\/wp-json\/wp\/v2\/media?parent=3886"}],"curies":[{"name":"wp","href":"https:\/\/api.w.org\/{rel}","templated":true}]}}