{"id":3,"date":"2020-02-08T09:15:18","date_gmt":"2020-02-08T08:15:18","guid":{"rendered":"http:\/\/nonjetable.com\/eshop\/?page_id=3"},"modified":"2021-03-24T10:32:15","modified_gmt":"2021-03-24T09:32:15","slug":"politique-de-confidentialite","status":"publish","type":"page","link":"https:\/\/nonjetable.com\/eshop\/politique-de-confidentialite\/","title":{"rendered":"Politique de confidentialit\u00e9"},"content":{"rendered":"\n[et_pb_section fb_built=\u00a0\u00bb1&Prime; _builder_version=\u00a0\u00bb3.22&Prime;][et_pb_row _builder_version=\u00a0\u00bb3.25&Prime; background_size=\u00a0\u00bbinitial\u00a0\u00bb background_position=\u00a0\u00bbtop_left\u00a0\u00bb background_repeat=\u00a0\u00bbrepeat\u00a0\u00bb][et_pb_column type=\u00a0\u00bb4_4&Prime; _builder_version=\u00a0\u00bb3.25&Prime; custom_padding=\u00a0\u00bb|||\u00a0\u00bb custom_padding__hover=\u00a0\u00bb|||\u00a0\u00bb][et_pb_text _builder_version=\u00a0\u00bb4.4.5&Prime; header_font=\u00a0\u00bbGotham Bold||||||||\u00a0\u00bb header_font_size=\u00a0\u00bb32px\u00a0\u00bb header_line_height=\u00a0\u00bb1.5em\u00a0\u00bb header_2_font=\u00a0\u00bbGotham Bold||||||||\u00a0\u00bb background_size=\u00a0\u00bbinitial\u00a0\u00bb background_position=\u00a0\u00bbtop_left\u00a0\u00bb background_repeat=\u00a0\u00bbrepeat\u00a0\u00bb hover_enabled=\u00a0\u00bb0&Prime; header_3_font=\u00a0\u00bbGotham Bold||||||||\u00a0\u00bb]<h1>Politique de confidentialit\u00e9<\/h1>\n<p>Nonjetable vous informe des mesures mises en place en vue de prot\u00e9ger vos donn\u00e9es personnelles et votre vie priv\u00e9e conform\u00e9ment \u00e0 la l\u00e9gislation en vigueur du r\u00e8glement (UE) n\u00b02016\/679 du 27 avril 2016 relatif \u00e0 la protection des donn\u00e9es \u00e0 caract\u00e8re personnel (RGPD).<\/p>\n<p>Nonjetable SARL, est une soci\u00e9t\u00e9 au capital social de 35.420 euros immatricul\u00e9e au Registre du Commerce et des Soci\u00e9t\u00e9s de Versailles sous le num\u00e9ro 488 223 249, dont le si\u00e8ge social est situ\u00e9 11, all\u00e9e de la Roseraie, 78230 Le Pecq. Cette soci\u00e9t\u00e9 a des activit\u00e9s dans le commerce de meubles et collecte des donn\u00e9es personnelles uniquement dans le cadre de ses activit\u00e9s de vente sur le site Internet qu\u2019elle \u00e9dite <a href=\"http:\/\/www.nonjetable.com\/eshop\">www.nonjetable.com\/eshop<\/a>.<\/p>\n<p>Conform\u00e9ment au RGPD, une donn\u00e9e \u00e0 caract\u00e8re personnel (DCP) d\u00e9signe toute information se rapportant \u00e0 une personne physique identifi\u00e9e ou identifiable, que ce soit directement ou indirectement, notamment par r\u00e9f\u00e9rence \u00e0 un identifiant, tel qu\u2019un nom, un num\u00e9ro d\u2019identification, des donn\u00e9es de localisation, un identifiant en ligne, ou \u00e0 un ou plusieurs \u00e9l\u00e9ments sp\u00e9cifiques propres \u00e0 son identit\u00e9 physique, physiologique, g\u00e9n\u00e9tique, psychique, \u00e9conomique, culturelle ou sociale.<\/p>\n<h2>Collection de donn\u00e9es personnelles<\/h2>\n<p>Nonjetable est amen\u00e9 \u00e0 collecter les donn\u00e9es des utilisateurs sur le site internet <a href=\"http:\/\/www.nonjetable.com\/eshop\">www.nonjetable.com\/eshop<\/a>. Les donn\u00e9es personnelles susceptibles d\u2019\u00eatre collect\u00e9es sont les suivantes :<\/p>\n<ul>\n<li>donn\u00e9es du compte utilisateur : pr\u00e9nom, nom, adresse postale de facturation et de livraison, adresse, email, num\u00e9ro de t\u00e9l\u00e9phone ;<\/li>\n<li>donn\u00e9es sur les transactions ;<\/li>\n<\/ul>\n<p>Ces DCP sont exclusivement destin\u00e9es \u00e0 permettre \u00e0 Nonjetable d\u2019identifier l\u2019utilisateur et de traiter les op\u00e9rations r\u00e9alis\u00e9es sur notre site.<\/p>\n<p>La simple consultation du site ne n\u00e9cessite pas d\u2019inscription ni d\u2019identification aupr\u00e8s de Nonjetable. Toute commande en ligne n\u00e9cessite au pr\u00e9alable de s\u2019inscrire et de cr\u00e9er un compte personnel.<\/p>\n<p>L\u2019utilisateur accepte et autorise lors de la cr\u00e9ation d\u2019un compte personnel que Nonjetable traite ses donn\u00e9es personnelles selon la pr\u00e9sente Politique de confidentialit\u00e9. L\u2019utilisateur s\u2019engage, lors de la proc\u00e9dure d\u2019inscription, \u00e0 indiquer des donn\u00e9es compl\u00e8tes et conformes \u00e0 la r\u00e9alit\u00e9. La cr\u00e9ation du compte personnel entrainera l\u2019enregistrement et le traitement informatique de donn\u00e9es personnelles, dont les adresses IP, qui seront communiqu\u00e9es \u00e0 Nonjetable. Cet enregistrement et ce traitement informatique sont destin\u00e9s \u00e0 permettre la prise et le traitement de la commande, et \u00e0 assurer la livraison du client.<\/p>\n<h2>Comment utilisons-nous vos coordonn\u00e9es et votre nom ?<\/h2>\n<p>Votre identit\u00e9 et vos adresses postales, mails et votre t\u00e9l\u00e9phone nous sont n\u00e9cessaires pour vous faire parvenir vos commandes.<br \/> Ces informations nous sont \u00e9galement utiles afin de vous envoyer des informations par mail (mises \u00e0 jour de votre commande, information de livraison\u2026).<br \/> Vos coordonn\u00e9es nous sont n\u00e9cessaires pour d\u00e9tecter les fraudes et vous prot\u00e9ger contre celles-ci.<\/p>\n<h2>Comment utilisons-nous votre historique d\u2019achat ?<\/h2>\n<p>Nous avons besoin de vos historiques d\u2019achat afin de g\u00e9rer les retours ainsi que les demandes d\u2019assistance dans le but de vous fournir le meilleur service possible et r\u00e9pondre \u00e0 toutes vos demandes.<\/p>\n<h2>Partage de vos informations<\/h2>\n<p>Nonjetable prot\u00e8ge \u00e0 100% les donn\u00e9es confidentielles de ses clients et ne partage aucune donn\u00e9e personnelle avec des tiers \u00e0 l\u2019exception de ceux n\u00e9cessaires au traitement des commandes.<br \/> Dans le but de vous offrir le meilleur service possible, nous partageons vos donn\u00e9es avec les entreprises qui s\u2019occupent de votre commande comme :<\/p>\n<ul>\n<li>Les entrep\u00f4ts, les pr\u00e9parateurs de commande, les soci\u00e9t\u00e9s de livraison et les prestataires de paiement<\/li>\n<li>Les professionnels charg\u00e9s de faire fonctionner notre site (partenaires digitaux)<\/li>\n<li>Les autorit\u00e9s polici\u00e8res et agences de r\u00e9pression des fraudes qui nous aident \u00e0 emp\u00eacher les fraudes<\/li>\n<\/ul>\n<h2>Droit de l\u2019utilisateur<\/h2>\n<p>Conform\u00e9ment aux dispositions du r\u00e8glement (UE) 2016\/679 du Parlement europ\u00e9en et du Conseil du 27 avril 2016 applicable au 25 mai 2018, le client du site a la facult\u00e9 d\u2019exercer les droits suivants :<\/p>\n<ul>\n<li>Un droit d\u2019acc\u00e8s, de rectification, de modification et de suppressions de ses donn\u00e9es,<\/li>\n<li>Un droit d\u2019opposition au traitement de ses donn\u00e9es,<\/li>\n<li>Un droit \u00e0 la limitation du traitement,<\/li>\n<\/ul>\n<p>L\u2019utilsateur peut exercer l\u2019ensemble de ces droits en s\u2019adressant \u00e0 Nonjetable, responsable de ce traitement, qui s\u2019engage \u00e0 r\u00e9pondre :<\/p>\n<p>Par courrier : Nonjetable \u2013 11, all\u00e9e de la roseraie 78230 Le Pecq<br \/> Par courrier \u00e9lectronique \u00e0 : <a href=\"mailto:sales@nonjetable.com\">sales@nonjetable.com<\/a><\/p>\n<h2>Cookies<\/h2>\n<p>Un cookie est un petit fichier texte stock\u00e9 par un site Internet sur un appareil afin de recueillir des donn\u00e9es concernant votre navigation sur ce site.<br \/> Nous utilisons des cookies afin d&rsquo;identifier les rubriques et les pages que vous consultez dans le but de faciliter votre navigation et votre exp\u00e9rience en ligne ainsi que d\u2019am\u00e9liorer nos services.<br \/> Lors de votre premi\u00e8re connexion sur notre site vous donnerez votre accord pour cet usage qui se limite strictement \u00e0 notre politique de confidentialit\u00e9. Vous pouvez refuser et la zone qui vous demande votre autorisation ne s&rsquo;effacera simplement pas.<\/p>\n[\/et_pb_text][\/et_pb_column][\/et_pb_row][\/et_pb_section]\n","protected":false},"excerpt":{"rendered":"<p>Politique de confidentialit\u00e9 Nonjetable vous informe des mesures mises en place en vue de prot\u00e9ger vos donn\u00e9es personnelles et votre vie priv\u00e9e conform\u00e9ment \u00e0 la l\u00e9gislation en vigueur du r\u00e8glement (UE) n\u00b02016\/679 du 27 avril 2016 relatif \u00e0 la protection des donn\u00e9es \u00e0 caract\u00e8re personnel (RGPD). Nonjetable SARL, est une soci\u00e9t\u00e9 au capital social de [&hellip;]<\/p>\n","protected":false},"author":1,"featured_media":0,"parent":0,"menu_order":0,"comment_status":"closed","ping_status":"open","template":"","meta":{"_et_pb_use_builder":"on","_et_pb_old_content":"<p>Nonjetable vous informe des mesures mises en place en vue de prot\u00e9ger vos donn\u00e9es personnelles et votre vie priv\u00e9e conform\u00e9ment \u00e0 la l\u00e9gislation en vigueur du r\u00e8glement (UE) n\u00b02016\/679 du 27 avril 2016 relatif \u00e0 la protection des donn\u00e9es \u00e0 caract\u00e8re personnel (RGPD).<\/p><p>Nonjetable SARL, est une soci\u00e9t\u00e9 au capital social de 35.420 euros immatricul\u00e9e au Registre du Commerce et des Soci\u00e9t\u00e9s de Versailles sous le num\u00e9ro 488 223 249, dont le si\u00e8ge social est situ\u00e9 11, all\u00e9e de la Roseraie, 78230 Le Pecq. Cette soci\u00e9t\u00e9 a des activit\u00e9s dans le commerce de meubles et collecte des donn\u00e9es personnelles uniquement dans le cadre de ses activit\u00e9s de vente sur le site Internet qu\u2019elle \u00e9dite <a href=\"http:\/\/www.nonjetable.com\/eshop\">www.nonjetable.com\/eshop<\/a>.<\/p><p>Conform\u00e9ment au RGPD, une donn\u00e9e \u00e0 caract\u00e8re personnel (DCP) d\u00e9signe toute information se rapportant \u00e0 une personne physique identifi\u00e9e ou identifiable, que ce soit directement ou indirectement, notamment par r\u00e9f\u00e9rence \u00e0 un identifiant, tel qu\u2019un nom, un num\u00e9ro d\u2019identification, des donn\u00e9es de localisation, un identifiant en ligne, ou \u00e0 un ou plusieurs \u00e9l\u00e9ments sp\u00e9cifiques propres \u00e0 son identit\u00e9 physique, physiologique, g\u00e9n\u00e9tique, psychique, \u00e9conomique, culturelle ou sociale.<\/p><h2>Collection de donn\u00e9es personnelles<\/h2><p>Nonjetable est amen\u00e9 \u00e0 collecter les donn\u00e9es des utilisateurs sur le site internet <a href=\"http:\/\/www.nonjetable.com\/eshop\">www.nonjetable.com\/eshop<\/a>. Les donn\u00e9es personnelles susceptibles d\u2019\u00eatre collect\u00e9es sont les suivantes :<\/p><ul><li>donn\u00e9es du compte utilisateur : pr\u00e9nom, nom, adresse postale de facturation et de livraison, adresse, email, num\u00e9ro de t\u00e9l\u00e9phone ;<\/li><li>donn\u00e9es sur les transactions ;<\/li><\/ul><p>Ces DCP sont exclusivement destin\u00e9es \u00e0 permettre \u00e0 Nonjetable d\u2019identifier l\u2019utilisateur et de traiter les op\u00e9rations r\u00e9alis\u00e9es sur notre site.<\/p><p>La simple consultation du site ne n\u00e9cessite pas d\u2019inscription ni d\u2019identification aupr\u00e8s de Nonjetable. Toute commande en ligne n\u00e9cessite au pr\u00e9alable de s\u2019inscrire et de cr\u00e9er un compte personnel.<\/p><p>L\u2019utilisateur accepte et autorise lors de la cr\u00e9ation d\u2019un compte personnel que Nonjetable traite ses donn\u00e9es personnelles selon la pr\u00e9sente Politique de confidentialit\u00e9. L\u2019utilisateur s\u2019engage, lors de la proc\u00e9dure d\u2019inscription, \u00e0 indiquer des donn\u00e9es compl\u00e8tes et conformes \u00e0 la r\u00e9alit\u00e9. La cr\u00e9ation du compte personnel entrainera l\u2019enregistrement et le traitement informatique de donn\u00e9es personnelles, dont les adresses IP, qui seront communiqu\u00e9es \u00e0 Nonjetable. Cet enregistrement et ce traitement informatique sont destin\u00e9s \u00e0 permettre la prise et le traitement de la commande, et \u00e0 assurer la livraison du client.<\/p><h2>Comment utilisons-nous vos coordonn\u00e9es et votre nom ?<\/h2><p>Votre identit\u00e9 et vos adresses postales, mails et votre t\u00e9l\u00e9phone nous sont n\u00e9cessaires pour vous faire parvenir vos commandes.<br \/>Ces informations nous sont \u00e9galement utiles afin de vous envoyer des informations par mail (mises \u00e0 jour de votre commande, information de livraison\u2026).<br \/>Vos coordonn\u00e9es nous sont n\u00e9cessaires pour d\u00e9tecter les fraudes et vous prot\u00e9ger contre celles-ci.<\/p><h2>Comment utilisons-nous votre historique d\u2019achat ?<\/h2><p>Nous avons besoin de vos historiques d\u2019achat afin de g\u00e9rer les retours ainsi que les demandes d\u2019assistance dans le but de vous fournir le meilleur service possible et r\u00e9pondre \u00e0 toutes vos demandes.<\/p><h2>Partage de vos informations<\/h2><p>Nonjetable prot\u00e8ge \u00e0 100% les donn\u00e9es confidentielles de ses clients et ne partage aucune donn\u00e9e personnelle avec des tiers \u00e0 l\u2019exception de ceux n\u00e9cessaires au traitement des commandes.<br \/>Dans le but de vous offrir le meilleur service possible, nous partageons vos donn\u00e9es avec les entreprises qui s\u2019occupent de votre commande comme :<\/p><ul><li>Les entrep\u00f4ts, les pr\u00e9parateurs de commande, les soci\u00e9t\u00e9s de livraison et les prestataires de paiement<\/li><li>Les professionnels charg\u00e9s de faire fonctionner notre site (partenaires digitaux)<\/li><li>Les autorit\u00e9s polici\u00e8res et agences de r\u00e9pression des fraudes qui nous aident \u00e0 emp\u00eacher les fraudes<\/li><\/ul><h2>Droit de l\u2019utilisateur<\/h2><p>Conform\u00e9ment aux dispositions du r\u00e8glement (UE) 2016\/679 du Parlement europ\u00e9en et du Conseil du 27 avril 2016 applicable au 25 mai 2018, le client du site a la facult\u00e9 d\u2019exercer les droits suivants :<\/p><ul><li>Un droit d\u2019acc\u00e8s, de rectification, de modification et de suppressions de ses donn\u00e9es,<\/li><li>Un droit d\u2019opposition au traitement de ses donn\u00e9es,<\/li><li>Un droit \u00e0 la limitation du traitement,<\/li><\/ul><p>L\u2019utilsateur peut exercer l\u2019ensemble de ces droits en s\u2019adressant \u00e0 Nonjetable, responsable de ce traitement, qui s\u2019engage \u00e0 r\u00e9pondre :<\/p><p>Par courrier : Nonjetable \u2013 11, all\u00e9e de la roseraie 78230 Le Pecq<br \/>Par courrier \u00e9lectronique \u00e0 : sales@nonjetable.com<\/p>","_et_gb_content_width":"","footnotes":""},"class_list":["post-3","page","type-page","status-publish","hentry"],"yoast_head":"<!-- This site is optimized with the Yoast SEO plugin v27.0 - https:\/\/yoast.com\/product\/yoast-seo-wordpress\/ -->\n<title>Politique de confidentialit\u00e9 - Nonjetable - nonjetable.com\/eshop<\/title>\n<meta name=\"description\" content=\"Nonjetable est une marque fran\u00e7aise de mobilier \u00e9cologiques pour enfants et adultes. Notre d\u00e9marche depuis toujours propose un design simple, beau, discret.\u00a0Un mod\u00e8le dans lequel les objets sont con\u00e7us pour \u00eatre non-jetables, transmissibles, utilisables \u00e0 tout \u00e2ge.\" \/>\n<meta name=\"robots\" content=\"index, follow, max-snippet:-1, max-image-preview:large, max-video-preview:-1\" \/>\n<link rel=\"canonical\" href=\"https:\/\/nonjetable.com\/eshop\/politique-de-confidentialite\/\" \/>\n<meta property=\"og:locale\" content=\"fr_FR\" \/>\n<meta property=\"og:type\" content=\"article\" \/>\n<meta property=\"og:title\" content=\"Politique de confidentialit\u00e9 - Nonjetable - nonjetable.com\/eshop\" \/>\n<meta property=\"og:description\" content=\"Nonjetable est une marque fran\u00e7aise de mobilier \u00e9cologiques pour enfants et adultes. Notre d\u00e9marche depuis toujours propose un design simple, beau, discret.\u00a0Un mod\u00e8le dans lequel les objets sont con\u00e7us pour \u00eatre non-jetables, transmissibles, utilisables \u00e0 tout \u00e2ge.\" \/>\n<meta property=\"og:url\" content=\"https:\/\/nonjetable.com\/eshop\/politique-de-confidentialite\/\" \/>\n<meta property=\"og:site_name\" content=\"Nonjetable - Meubles intemporels pour enfants et adultes\" \/>\n<meta property=\"article:modified_time\" content=\"2021-03-24T09:32:15+00:00\" \/>\n<meta name=\"twitter:card\" content=\"summary_large_image\" \/>\n<meta name=\"twitter:label1\" content=\"Dur\u00e9e de lecture estim\u00e9e\" \/>\n\t<meta name=\"twitter:data1\" content=\"4 minutes\" \/>\n<script type=\"application\/ld+json\" class=\"yoast-schema-graph\">{\"@context\":\"https:\/\/schema.org\",\"@graph\":[{\"@type\":\"WebPage\",\"@id\":\"https:\/\/nonjetable.com\/eshop\/politique-de-confidentialite\/\",\"url\":\"https:\/\/nonjetable.com\/eshop\/politique-de-confidentialite\/\",\"name\":\"Politique de confidentialit\u00e9 - Nonjetable - nonjetable.com\/eshop\",\"isPartOf\":{\"@id\":\"https:\/\/nonjetable.com\/eshop\/#website\"},\"datePublished\":\"2020-02-08T08:15:18+00:00\",\"dateModified\":\"2021-03-24T09:32:15+00:00\",\"description\":\"Nonjetable est une marque fran\u00e7aise de mobilier \u00e9cologiques pour enfants et adultes. Notre d\u00e9marche depuis toujours propose un design simple, beau, discret.\u00a0Un mod\u00e8le dans lequel les objets sont con\u00e7us pour \u00eatre non-jetables, transmissibles, utilisables \u00e0 tout \u00e2ge.\",\"breadcrumb\":{\"@id\":\"https:\/\/nonjetable.com\/eshop\/politique-de-confidentialite\/#breadcrumb\"},\"inLanguage\":\"fr-FR\",\"potentialAction\":[{\"@type\":\"ReadAction\",\"target\":[\"https:\/\/nonjetable.com\/eshop\/politique-de-confidentialite\/\"]}]},{\"@type\":\"BreadcrumbList\",\"@id\":\"https:\/\/nonjetable.com\/eshop\/politique-de-confidentialite\/#breadcrumb\",\"itemListElement\":[{\"@type\":\"ListItem\",\"position\":1,\"name\":\"Accueil\",\"item\":\"https:\/\/nonjetable.com\/eshop\/\"},{\"@type\":\"ListItem\",\"position\":2,\"name\":\"Politique de confidentialit\u00e9\"}]},{\"@type\":\"WebSite\",\"@id\":\"https:\/\/nonjetable.com\/eshop\/#website\",\"url\":\"https:\/\/nonjetable.com\/eshop\/\",\"name\":\"Nonjetable - Meubles intemporels pour enfants et adultes\",\"description\":\"Lifetime furniture for kids and adults\",\"publisher\":{\"@id\":\"https:\/\/nonjetable.com\/eshop\/#organization\"},\"potentialAction\":[{\"@type\":\"SearchAction\",\"target\":{\"@type\":\"EntryPoint\",\"urlTemplate\":\"https:\/\/nonjetable.com\/eshop\/?s={search_term_string}\"},\"query-input\":{\"@type\":\"PropertyValueSpecification\",\"valueRequired\":true,\"valueName\":\"search_term_string\"}}],\"inLanguage\":\"fr-FR\"},{\"@type\":\"Organization\",\"@id\":\"https:\/\/nonjetable.com\/eshop\/#organization\",\"name\":\"Nonjetable\",\"url\":\"https:\/\/nonjetable.com\/eshop\/\",\"logo\":{\"@type\":\"ImageObject\",\"inLanguage\":\"fr-FR\",\"@id\":\"https:\/\/nonjetable.com\/eshop\/#\/schema\/logo\/image\/\",\"url\":\"https:\/\/nonjetable.com\/eshop\/wp-content\/uploads\/2020\/02\/logo-nonjetable-noir-250x21-1.png\",\"contentUrl\":\"https:\/\/nonjetable.com\/eshop\/wp-content\/uploads\/2020\/02\/logo-nonjetable-noir-250x21-1.png\",\"width\":259,\"height\":21,\"caption\":\"Nonjetable\"},\"image\":{\"@id\":\"https:\/\/nonjetable.com\/eshop\/#\/schema\/logo\/image\/\"},\"sameAs\":[\"https:\/\/www.instagram.com\/nonjetable\/\"]}]}<\/script>\n<!-- \/ Yoast SEO plugin. -->","yoast_head_json":{"title":"Politique de confidentialit\u00e9 - Nonjetable - nonjetable.com\/eshop","description":"Nonjetable est une marque fran\u00e7aise de mobilier \u00e9cologiques pour enfants et adultes. Notre d\u00e9marche depuis toujours propose un design simple, beau, discret.\u00a0Un mod\u00e8le dans lequel les objets sont con\u00e7us pour \u00eatre non-jetables, transmissibles, utilisables \u00e0 tout \u00e2ge.","robots":{"index":"index","follow":"follow","max-snippet":"max-snippet:-1","max-image-preview":"max-image-preview:large","max-video-preview":"max-video-preview:-1"},"canonical":"https:\/\/nonjetable.com\/eshop\/politique-de-confidentialite\/","og_locale":"fr_FR","og_type":"article","og_title":"Politique de confidentialit\u00e9 - Nonjetable - nonjetable.com\/eshop","og_description":"Nonjetable est une marque fran\u00e7aise de mobilier \u00e9cologiques pour enfants et adultes. Notre d\u00e9marche depuis toujours propose un design simple, beau, discret.\u00a0Un mod\u00e8le dans lequel les objets sont con\u00e7us pour \u00eatre non-jetables, transmissibles, utilisables \u00e0 tout \u00e2ge.","og_url":"https:\/\/nonjetable.com\/eshop\/politique-de-confidentialite\/","og_site_name":"Nonjetable - Meubles intemporels pour enfants et adultes","article_modified_time":"2021-03-24T09:32:15+00:00","twitter_card":"summary_large_image","twitter_misc":{"Dur\u00e9e de lecture estim\u00e9e":"4 minutes"},"schema":{"@context":"https:\/\/schema.org","@graph":[{"@type":"WebPage","@id":"https:\/\/nonjetable.com\/eshop\/politique-de-confidentialite\/","url":"https:\/\/nonjetable.com\/eshop\/politique-de-confidentialite\/","name":"Politique de confidentialit\u00e9 - Nonjetable - nonjetable.com\/eshop","isPartOf":{"@id":"https:\/\/nonjetable.com\/eshop\/#website"},"datePublished":"2020-02-08T08:15:18+00:00","dateModified":"2021-03-24T09:32:15+00:00","description":"Nonjetable est une marque fran\u00e7aise de mobilier \u00e9cologiques pour enfants et adultes. Notre d\u00e9marche depuis toujours propose un design simple, beau, discret.\u00a0Un mod\u00e8le dans lequel les objets sont con\u00e7us pour \u00eatre non-jetables, transmissibles, utilisables \u00e0 tout \u00e2ge.","breadcrumb":{"@id":"https:\/\/nonjetable.com\/eshop\/politique-de-confidentialite\/#breadcrumb"},"inLanguage":"fr-FR","potentialAction":[{"@type":"ReadAction","target":["https:\/\/nonjetable.com\/eshop\/politique-de-confidentialite\/"]}]},{"@type":"BreadcrumbList","@id":"https:\/\/nonjetable.com\/eshop\/politique-de-confidentialite\/#breadcrumb","itemListElement":[{"@type":"ListItem","position":1,"name":"Accueil","item":"https:\/\/nonjetable.com\/eshop\/"},{"@type":"ListItem","position":2,"name":"Politique de confidentialit\u00e9"}]},{"@type":"WebSite","@id":"https:\/\/nonjetable.com\/eshop\/#website","url":"https:\/\/nonjetable.com\/eshop\/","name":"Nonjetable - Meubles intemporels pour enfants et adultes","description":"Lifetime furniture for kids and adults","publisher":{"@id":"https:\/\/nonjetable.com\/eshop\/#organization"},"potentialAction":[{"@type":"SearchAction","target":{"@type":"EntryPoint","urlTemplate":"https:\/\/nonjetable.com\/eshop\/?s={search_term_string}"},"query-input":{"@type":"PropertyValueSpecification","valueRequired":true,"valueName":"search_term_string"}}],"inLanguage":"fr-FR"},{"@type":"Organization","@id":"https:\/\/nonjetable.com\/eshop\/#organization","name":"Nonjetable","url":"https:\/\/nonjetable.com\/eshop\/","logo":{"@type":"ImageObject","inLanguage":"fr-FR","@id":"https:\/\/nonjetable.com\/eshop\/#\/schema\/logo\/image\/","url":"https:\/\/nonjetable.com\/eshop\/wp-content\/uploads\/2020\/02\/logo-nonjetable-noir-250x21-1.png","contentUrl":"https:\/\/nonjetable.com\/eshop\/wp-content\/uploads\/2020\/02\/logo-nonjetable-noir-250x21-1.png","width":259,"height":21,"caption":"Nonjetable"},"image":{"@id":"https:\/\/nonjetable.com\/eshop\/#\/schema\/logo\/image\/"},"sameAs":["https:\/\/www.instagram.com\/nonjetable\/"]}]}},"_links":{"self":[{"href":"https:\/\/nonjetable.com\/eshop\/wp-json\/wp\/v2\/pages\/3","targetHints":{"allow":["GET"]}}],"collection":[{"href":"https:\/\/nonjetable.com\/eshop\/wp-json\/wp\/v2\/pages"}],"about":[{"href":"https:\/\/nonjetable.com\/eshop\/wp-json\/wp\/v2\/types\/page"}],"author":[{"embeddable":true,"href":"https:\/\/nonjetable.com\/eshop\/wp-json\/wp\/v2\/users\/1"}],"replies":[{"embeddable":true,"href":"https:\/\/nonjetable.com\/eshop\/wp-json\/wp\/v2\/comments?post=3"}],"version-history":[{"count":9,"href":"https:\/\/nonjetable.com\/eshop\/wp-json\/wp\/v2\/pages\/3\/revisions"}],"predecessor-version":[{"id":4403,"href":"https:\/\/nonjetable.com\/eshop\/wp-json\/wp\/v2\/pages\/3\/revisions\/4403"}],"wp:attachment":[{"href":"https:\/\/nonjetable.com\/eshop\/wp-json\/wp\/v2\/media?parent=3"}],"curies":[{"name":"wp","href":"https:\/\/api.w.org\/{rel}","templated":true}]}}