{"id":1566,"date":"2020-04-13T15:22:37","date_gmt":"2020-04-13T13:22:37","guid":{"rendered":"https:\/\/nonjetable.com\/eshop\/?page_id=1566"},"modified":"2020-05-09T17:07:03","modified_gmt":"2020-05-09T15:07:03","slug":"mentions-legales","status":"publish","type":"page","link":"https:\/\/nonjetable.com\/eshop\/mentions-legales\/","title":{"rendered":"Mentions l\u00e9gales"},"content":{"rendered":"<p>[et_pb_section fb_built=\u00a0\u00bb1&Prime; _builder_version=\u00a0\u00bb3.22&Prime;][et_pb_row _builder_version=\u00a0\u00bb3.25&Prime; background_size=\u00a0\u00bbinitial\u00a0\u00bb background_position=\u00a0\u00bbtop_left\u00a0\u00bb background_repeat=\u00a0\u00bbrepeat\u00a0\u00bb][et_pb_column type=\u00a0\u00bb4_4&Prime; _builder_version=\u00a0\u00bb3.25&Prime; custom_padding=\u00a0\u00bb|||\u00a0\u00bb custom_padding__hover=\u00a0\u00bb|||\u00a0\u00bb][et_pb_text _builder_version=\u00a0\u00bb4.4.5&Prime; text_font=\u00a0\u00bb||||||||\u00a0\u00bb text_text_color=\u00a0\u00bb#000000&Prime; header_font=\u00a0\u00bbGotham Bold|300|||||||\u00a0\u00bb background_size=\u00a0\u00bbinitial\u00a0\u00bb background_position=\u00a0\u00bbtop_left\u00a0\u00bb background_repeat=\u00a0\u00bbrepeat\u00a0\u00bb hover_enabled=\u00a0\u00bb0&Prime; header_2_font=\u00a0\u00bbGotham Bold||||||||\u00a0\u00bb header_2_font_size=\u00a0\u00bb22px\u00a0\u00bb]<\/p>\n<h1>Mentions l\u00e9gales<\/h1>\n<h2><strong><\/strong><\/h2>\n<h2>Editeur \/ Vendeur<\/h2>\n<p>Le site internet www.nonjetable.com est \u00e9dit\u00e9 par la soci\u00e9t\u00e9 Nonjetable SARL au capital social de 35.420 euros immatricul\u00e9e au Registre du Commerce et des Soci\u00e9t\u00e9s de Versailles sous le num\u00e9ro 488 223 249, dont le si\u00e8ge social est situ\u00e9 11, all\u00e9e de la Roseraie, 78230 Le Pecq.<\/p>\n<p>Le num\u00e9ro de TVA intracommunautaire est FR23488223249.<\/p>\n<p>Pour toute demande concernant le site internet www.nonjetable.com vous pouvez nous contacter par e-mail \u00e0 sales@nonjetable.com<\/p>\n<p>Directeur de la publication : Christophe Bailly<br \/> R\u00e9alisation du site : Conception et r\u00e9alisation technique et graphique Christophe Bailly et Meri von Renteln de l\u2019Agence NONJETABLE SARL.<br \/> Le pr\u00e9sent site internet est h\u00e9berg\u00e9 par OVH.<\/p>\n<h2>Donn\u00e9es personnelles<\/h2>\n<p>Pour en savoir plus, rendez-vous sur notre rubrique <a href=\"https:\/\/nonjetable.com\/eshop\/politique-de-confidentialite\/\">Politique de confidentialit\u00e9<\/a> en bas de notre site.<\/p>\n<p>Les informations nominatives demand\u00e9es \u00e0 l\u2019acheteur sont n\u00e9cessaires pour le traitement de sa commande, pour r\u00e9pondre \u00e0 des demandes d\u2019information et \u00e0 nos relations commerciales. Le client dispose d&rsquo;un droit d&rsquo;acc\u00e8s, de rectification, d&rsquo;opposition et de suppression de ces donn\u00e9es, conform\u00e9ment aux dispositions de la loi \u00ab Informatique et Libert\u00e9s \u00bb du 6 janvier 1978. Pour exercer ce droit, il convient d\u2019adresser sa demande \u00e0 : sales@nonjetable.com.<br \/> Le pr\u00e9sent site a fait l\u2019objet d\u2019une d\u00e9claration aupr\u00e8s de la Commission Nationale de l\u2019Informatique et des Libert\u00e9s (CNIL), le 22\/10\/2010 sous le N\u00b0 d&rsquo;enregistrement iu80094996i.<\/p>\n<p>[\/et_pb_text][\/et_pb_column][\/et_pb_row][\/et_pb_section]<\/p>\n","protected":false},"excerpt":{"rendered":"<p>Mentions l\u00e9gales Editeur \/ Vendeur Le site internet www.nonjetable.com est \u00e9dit\u00e9 par la soci\u00e9t\u00e9 Nonjetable SARL au capital social de 35.420 euros immatricul\u00e9e au Registre du Commerce et des Soci\u00e9t\u00e9s de Versailles sous le num\u00e9ro 488 223 249, dont le si\u00e8ge social est situ\u00e9 11, all\u00e9e de la Roseraie, 78230 Le Pecq. Le num\u00e9ro de [&hellip;]<\/p>\n","protected":false},"author":2,"featured_media":0,"parent":0,"menu_order":0,"comment_status":"closed","ping_status":"closed","template":"","meta":{"_et_pb_use_builder":"on","_et_pb_old_content":"<p><strong>Editeur \/ Vendeur<\/strong><br \/>Le site internet www.nonjetable.com est \u00e9dit\u00e9 par la soci\u00e9t\u00e9 Nonjetable SARL au capital social de 35 420 euros immatricul\u00e9e au Registre du Commerce et des Soci\u00e9t\u00e9s de Versailles sous le num\u00e9ro 488 223 249, dont le si\u00e8ge social est situ\u00e9 11, all\u00e9e de la Roseraie, 78230 Le Pecq.<\/p><p>Le num\u00e9ro de TVA intracommunautaire est FR23488223249.<\/p><p>Pour toute demande concernant le site internet www.nonjetable.com vous pouvez nous contacter par e-mail \u00e0 sales@nonjetable.com<\/p><p>Directeur de la publication : Christophe Bailly<br \/>R\u00e9alisation du site : Conception et r\u00e9alisation technique et graphique Christophe Bailly et Meri von Renteln de l\u2019Agence NONJETABLE SARL.<br \/>Le pr\u00e9sent site internet est h\u00e9berg\u00e9 par OVH.<\/p><p><strong>Donn\u00e9es personnelles<\/strong><br \/>Pour en savoir plus, rendez-vous sur notre rubrique \u00ab confidentialit\u00e9 et cookies \u00bb en bas de notre site.<\/p><p>Les informations nominatives demand\u00e9es \u00e0 l\u2019acheteur sont n\u00e9cessaires pour le traitement de sa commande, pour r\u00e9pondre \u00e0 des demandes d\u2019information et \u00e0 nos relations commerciales. Le client dispose d'un droit d'acc\u00e8s, de rectification, d'opposition et de suppression de ces donn\u00e9es, conform\u00e9ment aux dispositions de la loi \u00ab Informatique et Libert\u00e9s \u00bb du 6 janvier 1978. Pour exercer ce droit, il convient d\u2019adresser sa demande \u00e0 sales@nonjetable.com.<br \/>Le pr\u00e9sent site a fait l\u2019objet d\u2019une d\u00e9claration aupr\u00e8s de la Commission Nationale de l\u2019Informatique et des Libert\u00e9s (CNIL), le 22\/10\/2010 sous le<br \/>N\u00b0 d'enregistrement iu80094996i.<\/p>","_et_gb_content_width":"","footnotes":""},"class_list":["post-1566","page","type-page","status-publish","hentry"],"yoast_head":"<!-- This site is optimized with the Yoast SEO plugin v27.0 - https:\/\/yoast.com\/product\/yoast-seo-wordpress\/ -->\n<title>Informations l\u00e9gales - Site officiel - Nonjetable e-shop<\/title>\n<meta name=\"description\" content=\"Informations l\u00e9gales pour le site officiel - Nonjetable e-shop\" \/>\n<meta name=\"robots\" content=\"index, follow, max-snippet:-1, max-image-preview:large, max-video-preview:-1\" \/>\n<link rel=\"canonical\" href=\"https:\/\/nonjetable.com\/eshop\/mentions-legales\/\" \/>\n<meta property=\"og:locale\" content=\"fr_FR\" \/>\n<meta property=\"og:type\" content=\"article\" \/>\n<meta property=\"og:title\" content=\"Informations l\u00e9gales - Site officiel - Nonjetable e-shop\" \/>\n<meta property=\"og:description\" content=\"Informations l\u00e9gales pour le site officiel - Nonjetable e-shop\" \/>\n<meta property=\"og:url\" content=\"https:\/\/nonjetable.com\/eshop\/mentions-legales\/\" \/>\n<meta property=\"og:site_name\" content=\"Nonjetable - Meubles intemporels pour enfants et adultes\" \/>\n<meta property=\"article:modified_time\" content=\"2020-05-09T15:07:03+00:00\" \/>\n<meta name=\"twitter:card\" content=\"summary_large_image\" \/>\n<meta name=\"twitter:label1\" content=\"Dur\u00e9e de lecture estim\u00e9e\" \/>\n\t<meta name=\"twitter:data1\" content=\"2 minutes\" \/>\n<script type=\"application\/ld+json\" class=\"yoast-schema-graph\">{\"@context\":\"https:\/\/schema.org\",\"@graph\":[{\"@type\":\"WebPage\",\"@id\":\"https:\/\/nonjetable.com\/eshop\/mentions-legales\/\",\"url\":\"https:\/\/nonjetable.com\/eshop\/mentions-legales\/\",\"name\":\"Informations l\u00e9gales - Site officiel - Nonjetable e-shop\",\"isPartOf\":{\"@id\":\"https:\/\/nonjetable.com\/eshop\/#website\"},\"datePublished\":\"2020-04-13T13:22:37+00:00\",\"dateModified\":\"2020-05-09T15:07:03+00:00\",\"description\":\"Informations l\u00e9gales pour le site officiel - Nonjetable e-shop\",\"breadcrumb\":{\"@id\":\"https:\/\/nonjetable.com\/eshop\/mentions-legales\/#breadcrumb\"},\"inLanguage\":\"fr-FR\",\"potentialAction\":[{\"@type\":\"ReadAction\",\"target\":[\"https:\/\/nonjetable.com\/eshop\/mentions-legales\/\"]}]},{\"@type\":\"BreadcrumbList\",\"@id\":\"https:\/\/nonjetable.com\/eshop\/mentions-legales\/#breadcrumb\",\"itemListElement\":[{\"@type\":\"ListItem\",\"position\":1,\"name\":\"Accueil\",\"item\":\"https:\/\/nonjetable.com\/eshop\/\"},{\"@type\":\"ListItem\",\"position\":2,\"name\":\"Mentions l\u00e9gales\"}]},{\"@type\":\"WebSite\",\"@id\":\"https:\/\/nonjetable.com\/eshop\/#website\",\"url\":\"https:\/\/nonjetable.com\/eshop\/\",\"name\":\"Nonjetable - Meubles intemporels pour enfants et adultes\",\"description\":\"Lifetime furniture for kids and adults\",\"publisher\":{\"@id\":\"https:\/\/nonjetable.com\/eshop\/#organization\"},\"potentialAction\":[{\"@type\":\"SearchAction\",\"target\":{\"@type\":\"EntryPoint\",\"urlTemplate\":\"https:\/\/nonjetable.com\/eshop\/?s={search_term_string}\"},\"query-input\":{\"@type\":\"PropertyValueSpecification\",\"valueRequired\":true,\"valueName\":\"search_term_string\"}}],\"inLanguage\":\"fr-FR\"},{\"@type\":\"Organization\",\"@id\":\"https:\/\/nonjetable.com\/eshop\/#organization\",\"name\":\"Nonjetable\",\"url\":\"https:\/\/nonjetable.com\/eshop\/\",\"logo\":{\"@type\":\"ImageObject\",\"inLanguage\":\"fr-FR\",\"@id\":\"https:\/\/nonjetable.com\/eshop\/#\/schema\/logo\/image\/\",\"url\":\"https:\/\/nonjetable.com\/eshop\/wp-content\/uploads\/2020\/02\/logo-nonjetable-noir-250x21-1.png\",\"contentUrl\":\"https:\/\/nonjetable.com\/eshop\/wp-content\/uploads\/2020\/02\/logo-nonjetable-noir-250x21-1.png\",\"width\":259,\"height\":21,\"caption\":\"Nonjetable\"},\"image\":{\"@id\":\"https:\/\/nonjetable.com\/eshop\/#\/schema\/logo\/image\/\"},\"sameAs\":[\"https:\/\/www.instagram.com\/nonjetable\/\"]}]}<\/script>\n<!-- \/ Yoast SEO plugin. -->","yoast_head_json":{"title":"Informations l\u00e9gales - Site officiel - Nonjetable e-shop","description":"Informations l\u00e9gales pour le site officiel - Nonjetable e-shop","robots":{"index":"index","follow":"follow","max-snippet":"max-snippet:-1","max-image-preview":"max-image-preview:large","max-video-preview":"max-video-preview:-1"},"canonical":"https:\/\/nonjetable.com\/eshop\/mentions-legales\/","og_locale":"fr_FR","og_type":"article","og_title":"Informations l\u00e9gales - Site officiel - Nonjetable e-shop","og_description":"Informations l\u00e9gales pour le site officiel - Nonjetable e-shop","og_url":"https:\/\/nonjetable.com\/eshop\/mentions-legales\/","og_site_name":"Nonjetable - Meubles intemporels pour enfants et adultes","article_modified_time":"2020-05-09T15:07:03+00:00","twitter_card":"summary_large_image","twitter_misc":{"Dur\u00e9e de lecture estim\u00e9e":"2 minutes"},"schema":{"@context":"https:\/\/schema.org","@graph":[{"@type":"WebPage","@id":"https:\/\/nonjetable.com\/eshop\/mentions-legales\/","url":"https:\/\/nonjetable.com\/eshop\/mentions-legales\/","name":"Informations l\u00e9gales - Site officiel - Nonjetable e-shop","isPartOf":{"@id":"https:\/\/nonjetable.com\/eshop\/#website"},"datePublished":"2020-04-13T13:22:37+00:00","dateModified":"2020-05-09T15:07:03+00:00","description":"Informations l\u00e9gales pour le site officiel - Nonjetable e-shop","breadcrumb":{"@id":"https:\/\/nonjetable.com\/eshop\/mentions-legales\/#breadcrumb"},"inLanguage":"fr-FR","potentialAction":[{"@type":"ReadAction","target":["https:\/\/nonjetable.com\/eshop\/mentions-legales\/"]}]},{"@type":"BreadcrumbList","@id":"https:\/\/nonjetable.com\/eshop\/mentions-legales\/#breadcrumb","itemListElement":[{"@type":"ListItem","position":1,"name":"Accueil","item":"https:\/\/nonjetable.com\/eshop\/"},{"@type":"ListItem","position":2,"name":"Mentions l\u00e9gales"}]},{"@type":"WebSite","@id":"https:\/\/nonjetable.com\/eshop\/#website","url":"https:\/\/nonjetable.com\/eshop\/","name":"Nonjetable - Meubles intemporels pour enfants et adultes","description":"Lifetime furniture for kids and adults","publisher":{"@id":"https:\/\/nonjetable.com\/eshop\/#organization"},"potentialAction":[{"@type":"SearchAction","target":{"@type":"EntryPoint","urlTemplate":"https:\/\/nonjetable.com\/eshop\/?s={search_term_string}"},"query-input":{"@type":"PropertyValueSpecification","valueRequired":true,"valueName":"search_term_string"}}],"inLanguage":"fr-FR"},{"@type":"Organization","@id":"https:\/\/nonjetable.com\/eshop\/#organization","name":"Nonjetable","url":"https:\/\/nonjetable.com\/eshop\/","logo":{"@type":"ImageObject","inLanguage":"fr-FR","@id":"https:\/\/nonjetable.com\/eshop\/#\/schema\/logo\/image\/","url":"https:\/\/nonjetable.com\/eshop\/wp-content\/uploads\/2020\/02\/logo-nonjetable-noir-250x21-1.png","contentUrl":"https:\/\/nonjetable.com\/eshop\/wp-content\/uploads\/2020\/02\/logo-nonjetable-noir-250x21-1.png","width":259,"height":21,"caption":"Nonjetable"},"image":{"@id":"https:\/\/nonjetable.com\/eshop\/#\/schema\/logo\/image\/"},"sameAs":["https:\/\/www.instagram.com\/nonjetable\/"]}]}},"_links":{"self":[{"href":"https:\/\/nonjetable.com\/eshop\/wp-json\/wp\/v2\/pages\/1566","targetHints":{"allow":["GET"]}}],"collection":[{"href":"https:\/\/nonjetable.com\/eshop\/wp-json\/wp\/v2\/pages"}],"about":[{"href":"https:\/\/nonjetable.com\/eshop\/wp-json\/wp\/v2\/types\/page"}],"author":[{"embeddable":true,"href":"https:\/\/nonjetable.com\/eshop\/wp-json\/wp\/v2\/users\/2"}],"replies":[{"embeddable":true,"href":"https:\/\/nonjetable.com\/eshop\/wp-json\/wp\/v2\/comments?post=1566"}],"version-history":[{"count":11,"href":"https:\/\/nonjetable.com\/eshop\/wp-json\/wp\/v2\/pages\/1566\/revisions"}],"predecessor-version":[{"id":3404,"href":"https:\/\/nonjetable.com\/eshop\/wp-json\/wp\/v2\/pages\/1566\/revisions\/3404"}],"wp:attachment":[{"href":"https:\/\/nonjetable.com\/eshop\/wp-json\/wp\/v2\/media?parent=1566"}],"curies":[{"name":"wp","href":"https:\/\/api.w.org\/{rel}","templated":true}]}}